{"id":1567,"date":"2020-09-18T16:08:40","date_gmt":"2020-09-18T16:08:40","guid":{"rendered":"https:\/\/www.cimaltec.ca\/?page_id=1567"},"modified":"2020-09-18T16:26:04","modified_gmt":"2020-09-18T16:26:04","slug":"un-condensador-puede-hacerte-vibrar-2","status":"publish","type":"page","link":"https:\/\/www.cimaltec.ca\/en\/un-condensador-puede-hacerte-vibrar-2\/","title":{"rendered":"Un condensador puede hacerte Vibrar3222"},"content":{"rendered":"\n\t<p>Existen diferentes origenes que pueden hacer vibrar los tubos del condensador sin embargo, las vibraci\u00f3nes en el condensador puede causar da\u00f1os graves en los tubos cuando se introducen flujos de vapor incrementados, por citar un ejemplo, o cuando se vuelve a tapar con tubos de pared m\u00e1s delgados o aquellos con bajo m\u00f3dulo de elasticidad. La vibraci\u00f3n del tubo, si no se resuelve, puede provocar fallas catastr\u00f3ficas del tubo y en consecuencia la salida no programada de la unidad.<\/p>\n<p>Existen diferente metodos para controlar las vibraciones, fabrimamos diferentes tipos de bafles\u00a0 antivibratorios para adaptarse a todas las configuraciones de mamparas entre \u00a0tubos, incluidos los pasos de tubos de rayos c\u00f3nicos y de un solo rayo. Los sistemas mas comunes son los del tipo \u201cEspada\u201d\u00a0 que \u00a0se instalan entre puntos de cada mampara del condensador y que \u00a0reducen a la mitad la longitud del tubo sin soporte reduciendo \u00a0la \u00a0vibraci\u00f3n que causan la falla del tubo.<\/p>\n\t\t\t\t<img loading=\"lazy\" decoding=\"async\" src=\"https:\/\/www.cimaltec.ca\/wp-content\/uploads\/2020\/09\/espada12305843009215023624.jpg\" alt=\"espada1[2305843009215023624]\" itemprop=\"image\" height=\"480\" width=\"640\" title=\"espada1[2305843009215023624]\" onerror=\"this.style.display='none'\"  \/>\n\t\t\t\t<img loading=\"lazy\" decoding=\"async\" src=\"https:\/\/www.cimaltec.ca\/wp-content\/uploads\/2020\/09\/espadas2305843009215023627.jpg\" alt=\"espadas[2305843009215023627]\" itemprop=\"image\" height=\"640\" width=\"480\" title=\"espadas[2305843009215023627]\" onerror=\"this.style.display='none'\"  \/>\n","protected":false},"excerpt":{"rendered":"<p>Existen diferentes origenes que pueden hacer vibrar los tubos del condensador sin embargo, las vibraci\u00f3nes en el condensador puede causar da\u00f1os graves en los tubos cuando se introducen flujos de vapor incrementados, por citar un ejemplo, o cuando se vuelve a tapar con tubos de pared m\u00e1s delgados o aquellos con bajo m\u00f3dulo de elasticidad. [&hellip;]<\/p>\n","protected":false},"author":1,"featured_media":0,"parent":0,"menu_order":0,"comment_status":"closed","ping_status":"closed","template":"","meta":{"_coblocks_attr":"","_coblocks_dimensions":"","_coblocks_responsive_height":"","_coblocks_accordion_ie_support":"","site-sidebar-layout":"default","site-content-layout":"default","ast-site-content-layout":"default","site-content-style":"default","site-sidebar-style":"default","ast-global-header-display":"","ast-banner-title-visibility":"","ast-main-header-display":"","ast-hfb-above-header-display":"","ast-hfb-below-header-display":"","ast-hfb-mobile-header-display":"","site-post-title":"","ast-breadcrumbs-content":"","ast-featured-img":"","footer-sml-layout":"","ast-disable-related-posts":"","theme-transparent-header-meta":"default","adv-header-id-meta":"","stick-header-meta":"","header-above-stick-meta":"","header-main-stick-meta":"","header-below-stick-meta":"","astra-migrate-meta-layouts":"default","ast-page-background-enabled":"default","ast-page-background-meta":{"desktop":{"background-color":"","background-image":"","background-repeat":"repeat","background-position":"center center","background-size":"auto","background-attachment":"scroll","background-type":"","background-media":"","overlay-type":"","overlay-color":"","overlay-opacity":"","overlay-gradient":""},"tablet":{"background-color":"","background-image":"","background-repeat":"repeat","background-position":"center center","background-size":"auto","background-attachment":"scroll","background-type":"","background-media":"","overlay-type":"","overlay-color":"","overlay-opacity":"","overlay-gradient":""},"mobile":{"background-color":"","background-image":"","background-repeat":"repeat","background-position":"center center","background-size":"auto","background-attachment":"scroll","background-type":"","background-media":"","overlay-type":"","overlay-color":"","overlay-opacity":"","overlay-gradient":""}},"ast-content-background-meta":{"desktop":{"background-color":"var(--ast-global-color-5)","background-image":"","background-repeat":"repeat","background-position":"center center","background-size":"auto","background-attachment":"scroll","background-type":"","background-media":"","overlay-type":"","overlay-color":"","overlay-opacity":"","overlay-gradient":""},"tablet":{"background-color":"var(--ast-global-color-5)","background-image":"","background-repeat":"repeat","background-position":"center center","background-size":"auto","background-attachment":"scroll","background-type":"","background-media":"","overlay-type":"","overlay-color":"","overlay-opacity":"","overlay-gradient":""},"mobile":{"background-color":"var(--ast-global-color-5)","background-image":"","background-repeat":"repeat","background-position":"center center","background-size":"auto","background-attachment":"scroll","background-type":"","background-media":"","overlay-type":"","overlay-color":"","overlay-opacity":"","overlay-gradient":""}},"_joinchat":[],"footnotes":""},"class_list":["post-1567","page","type-page","status-publish","hentry"],"_links":{"self":[{"href":"https:\/\/www.cimaltec.ca\/en\/wp-json\/wp\/v2\/pages\/1567"}],"collection":[{"href":"https:\/\/www.cimaltec.ca\/en\/wp-json\/wp\/v2\/pages"}],"about":[{"href":"https:\/\/www.cimaltec.ca\/en\/wp-json\/wp\/v2\/types\/page"}],"author":[{"embeddable":true,"href":"https:\/\/www.cimaltec.ca\/en\/wp-json\/wp\/v2\/users\/1"}],"replies":[{"embeddable":true,"href":"https:\/\/www.cimaltec.ca\/en\/wp-json\/wp\/v2\/comments?post=1567"}],"version-history":[{"count":5,"href":"https:\/\/www.cimaltec.ca\/en\/wp-json\/wp\/v2\/pages\/1567\/revisions"}],"predecessor-version":[{"id":1578,"href":"https:\/\/www.cimaltec.ca\/en\/wp-json\/wp\/v2\/pages\/1567\/revisions\/1578"}],"wp:attachment":[{"href":"https:\/\/www.cimaltec.ca\/en\/wp-json\/wp\/v2\/media?parent=1567"}],"curies":[{"name":"wp","href":"https:\/\/api.w.org\/{rel}","templated":true}]}}