{"id":2017,"date":"2026-01-08T18:27:01","date_gmt":"2026-01-08T18:27:01","guid":{"rendered":"https:\/\/www.cimaltec.ca\/?page_id=2017"},"modified":"2026-01-08T18:33:42","modified_gmt":"2026-01-08T18:33:42","slug":"home-copy","status":"publish","type":"page","link":"http:\/\/www.cimaltec.ca\/en\/home-copy\/","title":{"rendered":"CONTRATISTAS"},"content":{"rendered":"<h2>\n\t\t\t\t\tContratistas\n\t\t\t\t<\/h2>\n\t\t\t<p>CIMALTEC provides support to contractors and turnkey services for the repair and re-tubing  condenser. With the expectation that field conditions will be different for each project, CIMALTEC capacitor repair engineers and field technicians take advantage of processes and experience to anticipate and prepare for difficulties that may arise.<\/p>\n\t\t\t<a href=\"https:\/\/www.cimaltec.ca\/en\/nosotros\/\" target=\"_self\" role=\"button\" rel=\"noopener\">\n\t\t\t\t\t\tMORE INFORMATION\n\t\t<\/a>\n\t\t\t\t<img decoding=\"async\" src=\"https:\/\/www.cimaltec.ca\/wp-content\/uploads\/2020\/08\/6.jpg\" alt=\"6\" itemprop=\"image\"\/>\n\t\t\t\t<img decoding=\"async\" src=\"https:\/\/www.cimaltec.ca\/wp-content\/uploads\/2020\/08\/condensator.jpg\" alt=\"condensator\" itemprop=\"image\"\/>\n\t\t\t<h4>\n\t\t\t\t\tCONTACT US\n\t\t\t\t<\/h4>\n\t\t\t<h2>\n\t\t\t\t\t+52 1 442 124 8815\n\t\t\t\t<\/h2>\n\t\t\t<h2>+52 1 442 109 8867<\/h2>","protected":false},"excerpt":{"rendered":"<p>Contratistas CIMALTEC brinda soporte a contratistas y servicios para la reparaci\u00f3n y el reacondicionamiento de condensadores; con la expectativa de que las condiciones de campo ser\u00e1n diferentes para cada proyecto, en donde ingenieros de rentubado de condensadores y los t\u00e9cnicos de campo de CIMALTEC aprovechan los procesos y la experiencia para anticipar y prepararse para [&hellip;]<\/p>\n","protected":false},"author":2,"featured_media":0,"parent":0,"menu_order":0,"comment_status":"closed","ping_status":"closed","template":"","meta":{"_coblocks_attr":"","_coblocks_dimensions":"","_coblocks_responsive_height":"","_coblocks_accordion_ie_support":"","site-sidebar-layout":"no-sidebar","site-content-layout":"page-builder","ast-site-content-layout":"full-width-container","site-content-style":"unboxed","site-sidebar-style":"unboxed","ast-global-header-display":"","ast-banner-title-visibility":"","ast-main-header-display":"","ast-hfb-above-header-display":"","ast-hfb-below-header-display":"","ast-hfb-mobile-header-display":"","site-post-title":"disabled","ast-breadcrumbs-content":"","ast-featured-img":"disabled","footer-sml-layout":"","ast-disable-related-posts":"","theme-transparent-header-meta":"default","adv-header-id-meta":"","stick-header-meta":"","header-above-stick-meta":"","header-main-stick-meta":"","header-below-stick-meta":"","astra-migrate-meta-layouts":"set","ast-page-background-enabled":"default","ast-page-background-meta":{"desktop":{"background-color":"","background-image":"","background-repeat":"repeat","background-position":"center center","background-size":"auto","background-attachment":"scroll","background-type":"","background-media":"","overlay-type":"","overlay-color":"","overlay-opacity":"","overlay-gradient":""},"tablet":{"background-color":"","background-image":"","background-repeat":"repeat","background-position":"center center","background-size":"auto","background-attachment":"scroll","background-type":"","background-media":"","overlay-type":"","overlay-color":"","overlay-opacity":"","overlay-gradient":""},"mobile":{"background-color":"","background-image":"","background-repeat":"repeat","background-position":"center center","background-size":"auto","background-attachment":"scroll","background-type":"","background-media":"","overlay-type":"","overlay-color":"","overlay-opacity":"","overlay-gradient":""}},"ast-content-background-meta":{"desktop":{"background-color":"var(--ast-global-color-5)","background-image":"","background-repeat":"repeat","background-position":"center center","background-size":"auto","background-attachment":"scroll","background-type":"","background-media":"","overlay-type":"","overlay-color":"","overlay-opacity":"","overlay-gradient":""},"tablet":{"background-color":"var(--ast-global-color-5)","background-image":"","background-repeat":"repeat","background-position":"center center","background-size":"auto","background-attachment":"scroll","background-type":"","background-media":"","overlay-type":"","overlay-color":"","overlay-opacity":"","overlay-gradient":""},"mobile":{"background-color":"var(--ast-global-color-5)","background-image":"","background-repeat":"repeat","background-position":"center center","background-size":"auto","background-attachment":"scroll","background-type":"","background-media":"","overlay-type":"","overlay-color":"","overlay-opacity":"","overlay-gradient":""}},"_joinchat":[],"footnotes":""},"class_list":["post-2017","page","type-page","status-publish","hentry"],"_links":{"self":[{"href":"http:\/\/www.cimaltec.ca\/en\/wp-json\/wp\/v2\/pages\/2017"}],"collection":[{"href":"http:\/\/www.cimaltec.ca\/en\/wp-json\/wp\/v2\/pages"}],"about":[{"href":"http:\/\/www.cimaltec.ca\/en\/wp-json\/wp\/v2\/types\/page"}],"author":[{"embeddable":true,"href":"http:\/\/www.cimaltec.ca\/en\/wp-json\/wp\/v2\/users\/2"}],"replies":[{"embeddable":true,"href":"http:\/\/www.cimaltec.ca\/en\/wp-json\/wp\/v2\/comments?post=2017"}],"version-history":[{"count":2,"href":"http:\/\/www.cimaltec.ca\/en\/wp-json\/wp\/v2\/pages\/2017\/revisions"}],"predecessor-version":[{"id":2020,"href":"http:\/\/www.cimaltec.ca\/en\/wp-json\/wp\/v2\/pages\/2017\/revisions\/2020"}],"wp:attachment":[{"href":"http:\/\/www.cimaltec.ca\/en\/wp-json\/wp\/v2\/media?parent=2017"}],"curies":[{"name":"wp","href":"https:\/\/api.w.org\/{rel}","templated":true}]}}