{"id":17,"date":"2018-10-16T13:15:30","date_gmt":"2018-10-16T13:15:30","guid":{"rendered":"https:\/\/www.cimaltec.ca\/faqs\/"},"modified":"2025-12-12T19:05:44","modified_gmt":"2025-12-12T19:05:44","slug":"certificaciones","status":"publish","type":"page","link":"http:\/\/www.cimaltec.ca\/en\/certificaciones\/","title":{"rendered":"CERTIFICATIONS"},"content":{"rendered":"<h1>\n\t\t\t\t\tCERTIFICATIONS\n\t\t\t\t<\/h1>\n\t\t\t<h6>\n\t\t\t\t\tCONTACT US\n\t\t\t\t<\/h6>\n\t\t\t<h2>\n\t\t\t\t\t+52 1 442 124 8815\n\t\t\t\t<\/h2>\n<h2 id=\"primary\">+52 1 442 109 8867<\/h2>\n\t\t\t\t<img decoding=\"async\" src=\"https:\/\/www.cimaltec.ca\/wp-content\/uploads\/2020\/08\/Diseno-sin-titulo.gif\" alt=\"Dise\u00f1o sin t\u00edtulo\" itemprop=\"image\" height=\"250\" width=\"800\" title=\"Dise\u00f1o sin t\u00edtulo\" onerror=\"this.style.display='none'\" loading=\"lazy\" \/>\n\n\t<div class=\"_df_book df-lite\" id=\"df_1322\"  _slug=\"asme-stamps\" data-title=\"asme-stamps\" wpoptions=\"true\" thumbtype=\"\" ><\/div><script class=\"df-shortcode-script\" nowprocket type=\"application\/javascript\">window.option_df_1322 = {\"outline\":[],\"autoEnableOutline\":\"false\",\"autoEnableThumbnail\":\"false\",\"overwritePDFOutline\":\"false\",\"direction\":\"1\",\"source\":\"https:\\\/\\\/www.cimaltec.ca\\\/wp-content\\\/uploads\\\/2020\\\/08\\\/ASME-Stamps.pdf\",\"wpOptions\":\"true\"}; if(window.DFLIP && window.DFLIP.parseBooks){window.DFLIP.parseBooks();}<\/script>\n\t<div class=\"_df_book df-lite\" id=\"df_1325\"  _slug=\"estampa-r\" data-title=\"estampa-r\" wpoptions=\"true\" thumbtype=\"\" ><\/div><script class=\"df-shortcode-script\" nowprocket type=\"application\/javascript\">window.option_df_1325 = {\"outline\":[],\"autoEnableOutline\":\"false\",\"autoEnableThumbnail\":\"false\",\"overwritePDFOutline\":\"false\",\"direction\":\"1\",\"source\":\"https:\\\/\\\/www.cimaltec.ca\\\/wp-content\\\/uploads\\\/2020\\\/08\\\/ESTAMPA-R.pdf\",\"wpOptions\":\"true\"}; if(window.DFLIP && window.DFLIP.parseBooks){window.DFLIP.parseBooks();}<\/script>\n\t\t\t<h2>\n\t\t\t\t\tGET IN CONTACT WITH US\n\t\t\t\t<\/h2>\n\t\t\t<p>We will provide you with our component cooling water heat exchanger component replacement and repair services.<\/p>\n\t\t\t<a href=\"https:\/\/www.cimaltec.ca\/en\/contacto\/\" target=\"_self\" role=\"button\" rel=\"noopener\">\n\t\t\t\t\t\tCONTACT US\n\t\t<\/a>","protected":false},"excerpt":{"rendered":"<p>Certificaciones Datos de contacto +52 1 442 124 8815 +52 1 442 109 8867 Ponte en contacto con nosotros Te brindaremos nuestros servicios de reparaci\u00f3n y cambio de componentes del intercambiador de calor de agua de refrigeraci\u00f3n de componentes. Cont\u00e1ctanos<\/p>","protected":false},"author":1,"featured_media":0,"parent":0,"menu_order":0,"comment_status":"closed","ping_status":"closed","template":"","meta":{"_coblocks_attr":"","_coblocks_dimensions":"","_coblocks_responsive_height":"","_coblocks_accordion_ie_support":"","site-sidebar-layout":"no-sidebar","site-content-layout":"page-builder","ast-site-content-layout":"default","site-content-style":"default","site-sidebar-style":"default","ast-global-header-display":"","ast-banner-title-visibility":"","ast-main-header-display":"","ast-hfb-above-header-display":"","ast-hfb-below-header-display":"","ast-hfb-mobile-header-display":"","site-post-title":"disabled","ast-breadcrumbs-content":"","ast-featured-img":"disabled","footer-sml-layout":"","ast-disable-related-posts":"","theme-transparent-header-meta":"default","adv-header-id-meta":"","stick-header-meta":"","header-above-stick-meta":"","header-main-stick-meta":"","header-below-stick-meta":"","astra-migrate-meta-layouts":"default","ast-page-background-enabled":"default","ast-page-background-meta":{"desktop":{"background-color":"","background-image":"","background-repeat":"repeat","background-position":"center center","background-size":"auto","background-attachment":"scroll","background-type":"","background-media":"","overlay-type":"","overlay-color":"","overlay-opacity":"","overlay-gradient":""},"tablet":{"background-color":"","background-image":"","background-repeat":"repeat","background-position":"center center","background-size":"auto","background-attachment":"scroll","background-type":"","background-media":"","overlay-type":"","overlay-color":"","overlay-opacity":"","overlay-gradient":""},"mobile":{"background-color":"","background-image":"","background-repeat":"repeat","background-position":"center center","background-size":"auto","background-attachment":"scroll","background-type":"","background-media":"","overlay-type":"","overlay-color":"","overlay-opacity":"","overlay-gradient":""}},"ast-content-background-meta":{"desktop":{"background-color":"var(--ast-global-color-5)","background-image":"","background-repeat":"repeat","background-position":"center center","background-size":"auto","background-attachment":"scroll","background-type":"","background-media":"","overlay-type":"","overlay-color":"","overlay-opacity":"","overlay-gradient":""},"tablet":{"background-color":"var(--ast-global-color-5)","background-image":"","background-repeat":"repeat","background-position":"center center","background-size":"auto","background-attachment":"scroll","background-type":"","background-media":"","overlay-type":"","overlay-color":"","overlay-opacity":"","overlay-gradient":""},"mobile":{"background-color":"var(--ast-global-color-5)","background-image":"","background-repeat":"repeat","background-position":"center center","background-size":"auto","background-attachment":"scroll","background-type":"","background-media":"","overlay-type":"","overlay-color":"","overlay-opacity":"","overlay-gradient":""}},"_joinchat":[],"footnotes":""},"class_list":["post-17","page","type-page","status-publish","hentry"],"_links":{"self":[{"href":"http:\/\/www.cimaltec.ca\/en\/wp-json\/wp\/v2\/pages\/17"}],"collection":[{"href":"http:\/\/www.cimaltec.ca\/en\/wp-json\/wp\/v2\/pages"}],"about":[{"href":"http:\/\/www.cimaltec.ca\/en\/wp-json\/wp\/v2\/types\/page"}],"author":[{"embeddable":true,"href":"http:\/\/www.cimaltec.ca\/en\/wp-json\/wp\/v2\/users\/1"}],"replies":[{"embeddable":true,"href":"http:\/\/www.cimaltec.ca\/en\/wp-json\/wp\/v2\/comments?post=17"}],"version-history":[{"count":11,"href":"http:\/\/www.cimaltec.ca\/en\/wp-json\/wp\/v2\/pages\/17\/revisions"}],"predecessor-version":[{"id":1998,"href":"http:\/\/www.cimaltec.ca\/en\/wp-json\/wp\/v2\/pages\/17\/revisions\/1998"}],"wp:attachment":[{"href":"http:\/\/www.cimaltec.ca\/en\/wp-json\/wp\/v2\/media?parent=17"}],"curies":[{"name":"wp","href":"https:\/\/api.w.org\/{rel}","templated":true}]}}