{"id":13,"date":"2018-10-16T13:10:26","date_gmt":"2018-10-16T13:10:26","guid":{"rendered":"https:\/\/www.cimaltec.ca\/about\/"},"modified":"2025-12-12T19:00:34","modified_gmt":"2025-12-12T19:00:34","slug":"nosotros","status":"publish","type":"page","link":"http:\/\/www.cimaltec.ca\/en\/nosotros\/","title":{"rendered":"ABOUT US"},"content":{"rendered":"\n\n\t\t\t<h1>\n\t\t\t\t\tAcerca de nosotros\n\t\t\t\t<\/h1>\n\t\t\t<h6>\n\t\t\t\t\tDatos de contacto\n\t\t\t\t<\/h6>\n\t\t\t<h3>\n\t\t\t\t\t+52 1 442 124 8815\n\t\t\t\t<\/h3>\n\t\t\t<h3>+52 1 442 109 8867<\/h3>\n\t\t\t<h2>\n\t\t\t\t\tAcerca de nosotros\n\t\t\t\t<\/h2>\n\t\t\t\t<img decoding=\"async\" src=\"https:\/\/www.cimaltec.ca\/wp-content\/uploads\/2020\/10\/1.png\" alt=\"1\" itemprop=\"image\" height=\"1080\" width=\"1080\" title=\"1\" onerror=\"this.style.display='none'\" loading=\"lazy\" \/>\n\t<p>En CIMALTEC proporcionamos a la industria global de generaci\u00f3n de energ\u00eda el\u00e9ctrica, suministrando partes, fabricando componentes y servicios de\u00a0mantenimiento,\u00a0reparaci\u00f3n,\u00a0limpieza y detecci\u00f3n de fugas para reparaciones de\u00a0calidad\u00a0global para condensadores de superficie e intercambiadores de calor.<\/p>\n\t\t\t\t<img decoding=\"async\" src=\"https:\/\/www.cimaltec.ca\/wp-content\/uploads\/2020\/10\/2.png\" alt=\"2\" itemprop=\"image\" height=\"1080\" width=\"1080\" title=\"2\" onerror=\"this.style.display='none'\" loading=\"lazy\" \/>\n\t<p>Durante los \u00faltimos 50 a\u00f1os hemos desarrollado la experiencia que el cliente necesite para garantizar proyectos de calidad, utilizando materiales y equipos de \u00faltima generaci\u00f3n y amigables con el medio ambiente; asegurando que su proyecto sea exitoso.<\/p>\n\t\t\t\t<img decoding=\"async\" src=\"https:\/\/www.cimaltec.ca\/wp-content\/uploads\/2020\/10\/3.png\" alt=\"3\" itemprop=\"image\" height=\"1080\" width=\"1080\" title=\"3\" onerror=\"this.style.display='none'\" loading=\"lazy\" \/>\n\t<p>Ya sea que realice servicios desde de una simple limpieza de condensador hasta un proyecto de reconstrucci\u00f3n total llave en mano, o proporcionar soporte t\u00e9cnico a su fuerza laboral adapt\u00e1ndonos a las necesidades particulares de cada proyecto, dependiendo el pa\u00eds o tipo de central.<\/p>\n\t\t\t\t<img decoding=\"async\" src=\"https:\/\/www.cimaltec.ca\/wp-content\/uploads\/2020\/09\/la-foto-copia-31.jpg\" alt=\"la foto copia 3[1]\" itemprop=\"image\" height=\"480\" width=\"635\" title=\"la foto copia 3[1]\" onerror=\"this.style.display='none'\" loading=\"lazy\" \/>\n\t\t\t\t<img decoding=\"async\" src=\"https:\/\/www.cimaltec.ca\/wp-content\/uploads\/2020\/10\/Copia-de-Copia-de-Sin-titulo.gif\" alt=\"Copia de Copia de Sin t\u00edtulo\" itemprop=\"image\" height=\"1080\" width=\"1080\" title=\"Copia de Copia de Sin t\u00edtulo\" onerror=\"this.style.display='none'\" loading=\"lazy\" \/>\n\t\t\t<h6>\n\t\t\t\t\tCIMALTEC trabaja directamente\n\t\t\t\t<\/h6>\n\t\t\t<p>Como contratistas de mantenimiento, OEM y, en \u00faltima instancia, con plantas de energ\u00eda nuclear, geot\u00e9rmicas, hidroel\u00e9ctricas y f\u00f3siles trabajamos en cualquier nivel necesario para garantizar el \u00e9xito del proyecto.<\/p>\n\t\t\t\t<img decoding=\"async\" src=\"https:\/\/www.cimaltec.ca\/wp-content\/uploads\/2020\/09\/001.jpeg\" alt=\"001\" itemprop=\"image\" height=\"427\" width=\"640\" title=\"001\" onerror=\"this.style.display='none'\" loading=\"lazy\" \/>\n\t<h2>\u00a1Cont\u00e1ctanos y conoce todo lo que tenemos para ti!<\/h2>\n\t\t\t\t<img decoding=\"async\" src=\"https:\/\/www.cimaltec.ca\/wp-content\/uploads\/2020\/09\/la-foto-copia-61-scaled.jpg\" alt=\"la foto copia 6[1]\" itemprop=\"image\" height=\"1912\" width=\"2560\" title=\"la foto copia 6[1]\" onerror=\"this.style.display='none'\" loading=\"lazy\" \/>\n\t\t\t\t<img decoding=\"async\" src=\"https:\/\/www.cimaltec.ca\/wp-content\/uploads\/2020\/09\/freebie.jpeg\" alt=\"freebie\" itemprop=\"image\" height=\"427\" width=\"640\" title=\"freebie\" onerror=\"this.style.display='none'\" loading=\"lazy\" \/>\n\t\t\t\t<img decoding=\"async\" src=\"https:\/\/www.cimaltec.ca\/wp-content\/uploads\/2020\/09\/2-3.png\" alt=\"2\" itemprop=\"image\" height=\"788\" width=\"940\" title=\"2\" onerror=\"this.style.display='none'\" loading=\"lazy\" \/>\n\n","protected":false},"excerpt":{"rendered":"<p>Acerca de nosotros Datos de contacto +52 1 442 124 8815 +52 1 442 109 8867 Acerca de nosotros En CIMALTEC proporcionamos a la industria global de generaci\u00f3n de energ\u00eda el\u00e9ctrica, suministrando partes, fabricando componentes y servicios de\u00a0mantenimiento,\u00a0reparaci\u00f3n,\u00a0limpieza y detecci\u00f3n de fugas para reparaciones de\u00a0calidad\u00a0global para condensadores de superficie e intercambiadores de calor. Durante los [&hellip;]<\/p>\n","protected":false},"author":1,"featured_media":0,"parent":0,"menu_order":0,"comment_status":"closed","ping_status":"closed","template":"","meta":{"_coblocks_attr":"","_coblocks_dimensions":"","_coblocks_responsive_height":"","_coblocks_accordion_ie_support":"","site-sidebar-layout":"no-sidebar","site-content-layout":"page-builder","ast-site-content-layout":"default","site-content-style":"default","site-sidebar-style":"default","ast-global-header-display":"","ast-banner-title-visibility":"","ast-main-header-display":"","ast-hfb-above-header-display":"","ast-hfb-below-header-display":"","ast-hfb-mobile-header-display":"","site-post-title":"disabled","ast-breadcrumbs-content":"","ast-featured-img":"disabled","footer-sml-layout":"","ast-disable-related-posts":"","theme-transparent-header-meta":"default","adv-header-id-meta":"","stick-header-meta":"","header-above-stick-meta":"","header-main-stick-meta":"","header-below-stick-meta":"","astra-migrate-meta-layouts":"default","ast-page-background-enabled":"default","ast-page-background-meta":{"desktop":{"background-color":"","background-image":"","background-repeat":"repeat","background-position":"center center","background-size":"auto","background-attachment":"scroll","background-type":"","background-media":"","overlay-type":"","overlay-color":"","overlay-opacity":"","overlay-gradient":""},"tablet":{"background-color":"","background-image":"","background-repeat":"repeat","background-position":"center center","background-size":"auto","background-attachment":"scroll","background-type":"","background-media":"","overlay-type":"","overlay-color":"","overlay-opacity":"","overlay-gradient":""},"mobile":{"background-color":"","background-image":"","background-repeat":"repeat","background-position":"center center","background-size":"auto","background-attachment":"scroll","background-type":"","background-media":"","overlay-type":"","overlay-color":"","overlay-opacity":"","overlay-gradient":""}},"ast-content-background-meta":{"desktop":{"background-color":"var(--ast-global-color-5)","background-image":"","background-repeat":"repeat","background-position":"center center","background-size":"auto","background-attachment":"scroll","background-type":"","background-media":"","overlay-type":"","overlay-color":"","overlay-opacity":"","overlay-gradient":""},"tablet":{"background-color":"var(--ast-global-color-5)","background-image":"","background-repeat":"repeat","background-position":"center center","background-size":"auto","background-attachment":"scroll","background-type":"","background-media":"","overlay-type":"","overlay-color":"","overlay-opacity":"","overlay-gradient":""},"mobile":{"background-color":"var(--ast-global-color-5)","background-image":"","background-repeat":"repeat","background-position":"center center","background-size":"auto","background-attachment":"scroll","background-type":"","background-media":"","overlay-type":"","overlay-color":"","overlay-opacity":"","overlay-gradient":""}},"_joinchat":[],"footnotes":""},"class_list":["post-13","page","type-page","status-publish","hentry"],"_links":{"self":[{"href":"http:\/\/www.cimaltec.ca\/en\/wp-json\/wp\/v2\/pages\/13"}],"collection":[{"href":"http:\/\/www.cimaltec.ca\/en\/wp-json\/wp\/v2\/pages"}],"about":[{"href":"http:\/\/www.cimaltec.ca\/en\/wp-json\/wp\/v2\/types\/page"}],"author":[{"embeddable":true,"href":"http:\/\/www.cimaltec.ca\/en\/wp-json\/wp\/v2\/users\/1"}],"replies":[{"embeddable":true,"href":"http:\/\/www.cimaltec.ca\/en\/wp-json\/wp\/v2\/comments?post=13"}],"version-history":[{"count":11,"href":"http:\/\/www.cimaltec.ca\/en\/wp-json\/wp\/v2\/pages\/13\/revisions"}],"predecessor-version":[{"id":1994,"href":"http:\/\/www.cimaltec.ca\/en\/wp-json\/wp\/v2\/pages\/13\/revisions\/1994"}],"wp:attachment":[{"href":"http:\/\/www.cimaltec.ca\/en\/wp-json\/wp\/v2\/media?parent=13"}],"curies":[{"name":"wp","href":"https:\/\/api.w.org\/{rel}","templated":true}]}}