{"id":1173,"date":"2020-08-14T01:30:50","date_gmt":"2020-08-14T01:30:50","guid":{"rendered":"https:\/\/www.cimaltec.ca\/?page_id=1173"},"modified":"2020-09-29T04:49:05","modified_gmt":"2020-09-29T04:49:05","slug":"chillers","status":"publish","type":"page","link":"http:\/\/www.cimaltec.ca\/en\/chillers\/","title":{"rendered":"CHILLERS"},"content":{"rendered":"<img loading=\"lazy\" decoding=\"async\" src=\"https:\/\/www.cimaltec.ca\/wp-content\/uploads\/2020\/09\/Unknown-3-scaled.jpeg\" alt=\"Unknown-3\" itemprop=\"image\" height=\"1441\" width=\"2560\" title=\"Unknown-3\" onerror=\"this.style.display='none'\"  \/>\n\t\t\t\t<img loading=\"lazy\" decoding=\"async\" src=\"https:\/\/www.cimaltec.ca\/wp-content\/uploads\/2020\/09\/Unknown-1.jpeg\" alt=\"Unknown-1\" itemprop=\"image\" height=\"720\" width=\"1280\" title=\"Unknown-1\" onerror=\"this.style.display='none'\"  \/>\n\t<p><strong>CHILLERS<\/strong><\/p>\n<p>Our proprietary high-speed tube removal and installation tools, combined with our decades of experience, will keep your chiller running like new. Whether your chiller is located in a power plant or in a tall building, our retreading capabilities provide high-quality, cost-effective solutions for your chiller needs.<\/p>\n<p><img loading=\"lazy\" decoding=\"async\" src=\"https:\/\/www.cimaltec.ca\/wp-content\/uploads\/2020\/09\/Unknown-16-300x169.jpeg\" alt=\"\" width=\"300\" height=\"169\" \/><\/p>\n<p><strong>Re-entubado\u00a0 brindan soluciones rentables y de alta calidad para sus necesidades de enfriadores. Tambi\u00e9n los podemos fabricar\u00a0 para otros usos del tipo aire-aire, aire-vapor, combustible aire etc.<\/strong><\/p>\n<p>Our in-house engineering team can reverse engineer the solutions when required, and our extensive machine and manufacturing facility can provide unique components that can save tens of thousands of replacements.<\/p>\n<h4>We can provide replacement tube plates, support plates, and other components as required.<u><\/u><u><\/u><\/h4>\n\t\t\t\t<img loading=\"lazy\" decoding=\"async\" src=\"https:\/\/www.cimaltec.ca\/wp-content\/uploads\/2020\/09\/Unknown-6.png\" alt=\"Unknown-6\" itemprop=\"image\" height=\"352\" width=\"512\" title=\"Unknown-6\" onerror=\"this.style.display='none'\"  \/>\n\t\t\t\t<img loading=\"lazy\" decoding=\"async\" src=\"https:\/\/www.cimaltec.ca\/wp-content\/uploads\/2020\/09\/Unknown-2-scaled.jpeg\" alt=\"Unknown-2\" itemprop=\"image\" height=\"2560\" width=\"1441\" title=\"Unknown-2\" onerror=\"this.style.display='none'\"  \/>\n\t\t\t\t<img loading=\"lazy\" decoding=\"async\" src=\"https:\/\/www.cimaltec.ca\/wp-content\/uploads\/2020\/09\/Unknown-scaled.jpeg\" alt=\"Unknown\" itemprop=\"image\" height=\"1441\" width=\"2560\" title=\"Unknown\" onerror=\"this.style.display='none'\"  \/>\n\t\t\t\t<img loading=\"lazy\" decoding=\"async\" src=\"https:\/\/www.cimaltec.ca\/wp-content\/uploads\/2020\/09\/Unknown-4-scaled.jpeg\" alt=\"Unknown-4\" itemprop=\"image\" height=\"2560\" width=\"1441\" title=\"Unknown-4\" onerror=\"this.style.display='none'\"  \/>\n\t\t\t\t<img loading=\"lazy\" decoding=\"async\" src=\"https:\/\/www.cimaltec.ca\/wp-content\/uploads\/2020\/09\/Unknown-7-scaled.jpeg\" alt=\"Unknown-7\" itemprop=\"image\" height=\"1441\" width=\"2560\" title=\"Unknown-7\" onerror=\"this.style.display='none'\"  \/>\n\t\t\t\t<img loading=\"lazy\" decoding=\"async\" src=\"https:\/\/www.cimaltec.ca\/wp-content\/uploads\/2020\/09\/3.png\" alt=\"3\" itemprop=\"image\" height=\"788\" width=\"940\" title=\"3\" onerror=\"this.style.display='none'\"  \/>","protected":false},"excerpt":{"rendered":"<p>Enfriadores Procedimientos y\u00a0 herramientas\u00a0 combinadas con nuestras d\u00e9cadas de experiencia, har\u00e1n que su enfriador funcione como nuevo. Ya sea que su enfriador est\u00e9 ubicado en una central el\u00e9ctrica o en una planta confinada, nuestras capacidades de Re-entubado\u00a0 brindan soluciones rentables y de alta calidad para sus necesidades de enfriadores. Tambi\u00e9n los podemos fabricar\u00a0 para otros [&hellip;]<\/p>\n","protected":false},"author":1,"featured_media":0,"parent":0,"menu_order":0,"comment_status":"closed","ping_status":"closed","template":"","meta":{"_coblocks_attr":"","_coblocks_dimensions":"","_coblocks_responsive_height":"","_coblocks_accordion_ie_support":"","site-sidebar-layout":"default","site-content-layout":"default","ast-site-content-layout":"default","site-content-style":"default","site-sidebar-style":"default","ast-global-header-display":"","ast-banner-title-visibility":"","ast-main-header-display":"","ast-hfb-above-header-display":"","ast-hfb-below-header-display":"","ast-hfb-mobile-header-display":"","site-post-title":"","ast-breadcrumbs-content":"","ast-featured-img":"","footer-sml-layout":"","ast-disable-related-posts":"","theme-transparent-header-meta":"default","adv-header-id-meta":"","stick-header-meta":"","header-above-stick-meta":"","header-main-stick-meta":"","header-below-stick-meta":"","astra-migrate-meta-layouts":"default","ast-page-background-enabled":"default","ast-page-background-meta":{"desktop":{"background-color":"","background-image":"","background-repeat":"repeat","background-position":"center center","background-size":"auto","background-attachment":"scroll","background-type":"","background-media":"","overlay-type":"","overlay-color":"","overlay-opacity":"","overlay-gradient":""},"tablet":{"background-color":"","background-image":"","background-repeat":"repeat","background-position":"center center","background-size":"auto","background-attachment":"scroll","background-type":"","background-media":"","overlay-type":"","overlay-color":"","overlay-opacity":"","overlay-gradient":""},"mobile":{"background-color":"","background-image":"","background-repeat":"repeat","background-position":"center center","background-size":"auto","background-attachment":"scroll","background-type":"","background-media":"","overlay-type":"","overlay-color":"","overlay-opacity":"","overlay-gradient":""}},"ast-content-background-meta":{"desktop":{"background-color":"var(--ast-global-color-5)","background-image":"","background-repeat":"repeat","background-position":"center center","background-size":"auto","background-attachment":"scroll","background-type":"","background-media":"","overlay-type":"","overlay-color":"","overlay-opacity":"","overlay-gradient":""},"tablet":{"background-color":"var(--ast-global-color-5)","background-image":"","background-repeat":"repeat","background-position":"center center","background-size":"auto","background-attachment":"scroll","background-type":"","background-media":"","overlay-type":"","overlay-color":"","overlay-opacity":"","overlay-gradient":""},"mobile":{"background-color":"var(--ast-global-color-5)","background-image":"","background-repeat":"repeat","background-position":"center center","background-size":"auto","background-attachment":"scroll","background-type":"","background-media":"","overlay-type":"","overlay-color":"","overlay-opacity":"","overlay-gradient":""}},"_joinchat":[],"footnotes":""},"class_list":["post-1173","page","type-page","status-publish","hentry"],"_links":{"self":[{"href":"http:\/\/www.cimaltec.ca\/en\/wp-json\/wp\/v2\/pages\/1173"}],"collection":[{"href":"http:\/\/www.cimaltec.ca\/en\/wp-json\/wp\/v2\/pages"}],"about":[{"href":"http:\/\/www.cimaltec.ca\/en\/wp-json\/wp\/v2\/types\/page"}],"author":[{"embeddable":true,"href":"http:\/\/www.cimaltec.ca\/en\/wp-json\/wp\/v2\/users\/1"}],"replies":[{"embeddable":true,"href":"http:\/\/www.cimaltec.ca\/en\/wp-json\/wp\/v2\/comments?post=1173"}],"version-history":[{"count":8,"href":"http:\/\/www.cimaltec.ca\/en\/wp-json\/wp\/v2\/pages\/1173\/revisions"}],"predecessor-version":[{"id":1812,"href":"http:\/\/www.cimaltec.ca\/en\/wp-json\/wp\/v2\/pages\/1173\/revisions\/1812"}],"wp:attachment":[{"href":"http:\/\/www.cimaltec.ca\/en\/wp-json\/wp\/v2\/media?parent=1173"}],"curies":[{"name":"wp","href":"https:\/\/api.w.org\/{rel}","templated":true}]}}