{"id":1167,"date":"2020-08-14T01:29:31","date_gmt":"2020-08-14T01:29:31","guid":{"rendered":"https:\/\/www.cimaltec.ca\/?page_id=1167"},"modified":"2020-10-09T05:28:08","modified_gmt":"2020-10-09T05:28:08","slug":"low-pressure-feedwater-heaters","status":"publish","type":"page","link":"http:\/\/www.cimaltec.ca\/en\/low-pressure-feedwater-heaters\/","title":{"rendered":"LOW PRESSURE FEEDWATER HEATERS"},"content":{"rendered":"\n\t\t\t\t<img loading=\"lazy\" decoding=\"async\" src=\"https:\/\/www.cimaltec.ca\/wp-content\/uploads\/2020\/09\/la-foto-copia-81-scaled.jpg\" alt=\"la foto copia 8[1]\" itemprop=\"image\" height=\"2560\" width=\"1912\" title=\"la foto copia 8[1]\" onerror=\"this.style.display='none'\"  \/>\n\t\t\t\t<img loading=\"lazy\" decoding=\"async\" src=\"https:\/\/www.cimaltec.ca\/wp-content\/uploads\/2020\/09\/la-foto-copia-7-scaled.jpg\" alt=\"la foto copia 7\" itemprop=\"image\" height=\"1912\" width=\"2560\" title=\"la foto copia 7\" onerror=\"this.style.display='none'\"  \/>\n\t<p>&nbsp;<\/p>\n<p><strong>Calentadores de agua de alimentaci\u00f3n de baja presi\u00f3n<\/strong><\/p>\n<p>En Cimeltec te ofrecemos una serie de servicios de calentadores de agua de alimentaci\u00f3n de baja presi\u00f3n, que incluyen reubicaci\u00f3n, reemplazo de haz de tubos,\u00a0\u00a0 de espejos\u00a0 fijos y flotantes, reparaci\u00f3n o reemplazo.<\/p>\n<p><strong><img loading=\"lazy\" decoding=\"async\" src=\"https:\/\/www.cimaltec.ca\/wp-content\/uploads\/2020\/09\/113C2BA5E1804A4E9C60A524C2BE1923-300x182.jpg\" alt=\"\" width=\"250\" height=\"152\" \/><\/strong><\/p>\n<p><img loading=\"lazy\" decoding=\"async\" src=\"https:\/\/www.cimaltec.ca\/wp-content\/uploads\/2020\/09\/foto1-150x150.png\" alt=\"\" width=\"200\" height=\"200\" \/><\/p>\n<p><strong>Del carcazas\u00a0 o reemplazo completo del equipo.<\/strong><\/p>\n<h6>Te proporcionamos servicios de reparaci\u00f3n y soluciones de acuerdo a presupuestos de\u00a0 calentadores de agua de alimentaci\u00f3n de baja presi\u00f3n ya sean\u00a0 de dise\u00f1o horizontal o vertical que se encuentran en plantas de energ\u00eda convencional\u00a0 o\u00a0 nuclear.<\/h6>\n\t\t\t\t<img loading=\"lazy\" decoding=\"async\" src=\"https:\/\/www.cimaltec.ca\/wp-content\/uploads\/2020\/09\/157B51B782D94BAEB592B836D77A5D9D.jpg\" alt=\"157B51B782D94BAEB592B836D77A5D9D\" itemprop=\"image\" height=\"467\" width=\"700\" title=\"157B51B782D94BAEB592B836D77A5D9D\" onerror=\"this.style.display='none'\"  \/>\n\t\t\t\t<img loading=\"lazy\" decoding=\"async\" src=\"https:\/\/www.cimaltec.ca\/wp-content\/uploads\/2020\/09\/1-3.png\" alt=\"1\" itemprop=\"image\" height=\"788\" width=\"940\" title=\"1\" onerror=\"this.style.display='none'\"  \/>\n","protected":false},"excerpt":{"rendered":"<p>&nbsp; Calentadores de agua de alimentaci\u00f3n de baja presi\u00f3n En Cimeltec te ofrecemos una serie de servicios de calentadores de agua de alimentaci\u00f3n de baja presi\u00f3n, que incluyen reubicaci\u00f3n, reemplazo de haz de tubos,\u00a0\u00a0 de espejos\u00a0 fijos y flotantes, reparaci\u00f3n o reemplazo. Del carcazas\u00a0 o reemplazo completo del equipo. Te proporcionamos servicios de reparaci\u00f3n y [&hellip;]<\/p>\n","protected":false},"author":1,"featured_media":0,"parent":0,"menu_order":0,"comment_status":"closed","ping_status":"closed","template":"","meta":{"_coblocks_attr":"","_coblocks_dimensions":"","_coblocks_responsive_height":"","_coblocks_accordion_ie_support":"","site-sidebar-layout":"default","site-content-layout":"default","ast-site-content-layout":"default","site-content-style":"default","site-sidebar-style":"default","ast-global-header-display":"","ast-banner-title-visibility":"","ast-main-header-display":"","ast-hfb-above-header-display":"","ast-hfb-below-header-display":"","ast-hfb-mobile-header-display":"","site-post-title":"","ast-breadcrumbs-content":"","ast-featured-img":"","footer-sml-layout":"","ast-disable-related-posts":"","theme-transparent-header-meta":"default","adv-header-id-meta":"","stick-header-meta":"","header-above-stick-meta":"","header-main-stick-meta":"","header-below-stick-meta":"","astra-migrate-meta-layouts":"default","ast-page-background-enabled":"default","ast-page-background-meta":{"desktop":{"background-color":"","background-image":"","background-repeat":"repeat","background-position":"center center","background-size":"auto","background-attachment":"scroll","background-type":"","background-media":"","overlay-type":"","overlay-color":"","overlay-opacity":"","overlay-gradient":""},"tablet":{"background-color":"","background-image":"","background-repeat":"repeat","background-position":"center center","background-size":"auto","background-attachment":"scroll","background-type":"","background-media":"","overlay-type":"","overlay-color":"","overlay-opacity":"","overlay-gradient":""},"mobile":{"background-color":"","background-image":"","background-repeat":"repeat","background-position":"center center","background-size":"auto","background-attachment":"scroll","background-type":"","background-media":"","overlay-type":"","overlay-color":"","overlay-opacity":"","overlay-gradient":""}},"ast-content-background-meta":{"desktop":{"background-color":"var(--ast-global-color-5)","background-image":"","background-repeat":"repeat","background-position":"center center","background-size":"auto","background-attachment":"scroll","background-type":"","background-media":"","overlay-type":"","overlay-color":"","overlay-opacity":"","overlay-gradient":""},"tablet":{"background-color":"var(--ast-global-color-5)","background-image":"","background-repeat":"repeat","background-position":"center center","background-size":"auto","background-attachment":"scroll","background-type":"","background-media":"","overlay-type":"","overlay-color":"","overlay-opacity":"","overlay-gradient":""},"mobile":{"background-color":"var(--ast-global-color-5)","background-image":"","background-repeat":"repeat","background-position":"center center","background-size":"auto","background-attachment":"scroll","background-type":"","background-media":"","overlay-type":"","overlay-color":"","overlay-opacity":"","overlay-gradient":""}},"_joinchat":[],"footnotes":""},"class_list":["post-1167","page","type-page","status-publish","hentry"],"_links":{"self":[{"href":"http:\/\/www.cimaltec.ca\/en\/wp-json\/wp\/v2\/pages\/1167"}],"collection":[{"href":"http:\/\/www.cimaltec.ca\/en\/wp-json\/wp\/v2\/pages"}],"about":[{"href":"http:\/\/www.cimaltec.ca\/en\/wp-json\/wp\/v2\/types\/page"}],"author":[{"embeddable":true,"href":"http:\/\/www.cimaltec.ca\/en\/wp-json\/wp\/v2\/users\/1"}],"replies":[{"embeddable":true,"href":"http:\/\/www.cimaltec.ca\/en\/wp-json\/wp\/v2\/comments?post=1167"}],"version-history":[{"count":11,"href":"http:\/\/www.cimaltec.ca\/en\/wp-json\/wp\/v2\/pages\/1167\/revisions"}],"predecessor-version":[{"id":1871,"href":"http:\/\/www.cimaltec.ca\/en\/wp-json\/wp\/v2\/pages\/1167\/revisions\/1871"}],"wp:attachment":[{"href":"http:\/\/www.cimaltec.ca\/en\/wp-json\/wp\/v2\/media?parent=1167"}],"curies":[{"name":"wp","href":"https:\/\/api.w.org\/{rel}","templated":true}]}}