{"id":1164,"date":"2020-08-14T01:29:05","date_gmt":"2020-08-14T01:29:05","guid":{"rendered":"https:\/\/www.cimaltec.ca\/?page_id=1164"},"modified":"2020-10-09T05:27:33","modified_gmt":"2020-10-09T05:27:33","slug":"tanques-de-proceso-e-intercambiadores-de-calor","status":"publish","type":"page","link":"http:\/\/www.cimaltec.ca\/en\/tanques-de-proceso-e-intercambiadores-de-calor\/","title":{"rendered":"DIESEL WATER JACKET COOLING HEAT EXCHANGES"},"content":{"rendered":"<img loading=\"lazy\" decoding=\"async\" src=\"https:\/\/www.cimaltec.ca\/wp-content\/uploads\/2020\/09\/la-foto-copia-22-scaled.jpg\" alt=\"la foto copia 22\" itemprop=\"image\" height=\"1920\" width=\"2560\" title=\"la foto copia 22\" onerror=\"this.style.display='none'\"  \/>\n\t<p><b>Tanques e intercambiadores de proceso (reactores, criogenicos, separadores, <\/b><b>catal\u00edticos<\/b><b>)<\/b><\/p>\n<p><img loading=\"lazy\" decoding=\"async\" src=\"https:\/\/www.cimaltec.ca\/wp-content\/uploads\/2020\/09\/la-foto-copia-17-300x225.png\" alt=\"\" width=\"300\" height=\"225\" \/><\/p>\n<p>At Cimaltec we offer a number of diesel water jacket cooling heat exchanger services, including relocation, fixed and floating tube sheet replacement, hood repair or replacement, or complete tube bundle replacement.<\/p>\n\t\t\t\t<img loading=\"lazy\" decoding=\"async\" src=\"https:\/\/www.cimaltec.ca\/wp-content\/uploads\/2020\/09\/la-foto.jpg\" alt=\"la foto\" itemprop=\"image\" height=\"480\" width=\"800\" title=\"la foto\" onerror=\"this.style.display='none'\"  \/>\n\t\t\t\t<img loading=\"lazy\" decoding=\"async\" src=\"https:\/\/www.cimaltec.ca\/wp-content\/uploads\/2020\/09\/62462EB6A66945248C3CC1208FF8A73A.png\" alt=\"62462EB6A66945248C3CC1208FF8A73A\" itemprop=\"image\" height=\"85\" width=\"315\" title=\"62462EB6A66945248C3CC1208FF8A73A\" onerror=\"this.style.display='none'\"  \/>\n\t\t\t\t<img loading=\"lazy\" decoding=\"async\" src=\"https:\/\/www.cimaltec.ca\/wp-content\/uploads\/2020\/09\/59BF6E5BF44549A082AA24B2C9F23306.png\" alt=\"59BF6E5BF44549A082AA24B2C9F23306\" itemprop=\"image\" height=\"353\" width=\"640\" title=\"59BF6E5BF44549A082AA24B2C9F23306\" onerror=\"this.style.display='none'\"  \/>\n\t\t\t\t<img loading=\"lazy\" decoding=\"async\" src=\"https:\/\/www.cimaltec.ca\/wp-content\/uploads\/2020\/09\/la-foto-copia-17-scaled.jpg\" alt=\"la foto copia 17\" itemprop=\"image\" height=\"1920\" width=\"2560\" title=\"la foto copia 17\" onerror=\"this.style.display='none'\"  \/>\n\t\t\t\t<img loading=\"lazy\" decoding=\"async\" src=\"https:\/\/www.cimaltec.ca\/wp-content\/uploads\/2020\/09\/la-foto-copia-20-scaled.jpg\" alt=\"la foto copia 20\" itemprop=\"image\" height=\"1920\" width=\"2560\" title=\"la foto copia 20\" onerror=\"this.style.display='none'\"  \/>\n\t\t\t\t<img loading=\"lazy\" decoding=\"async\" src=\"https:\/\/www.cimaltec.ca\/wp-content\/uploads\/2020\/09\/la-foto-copia-19-scaled.jpg\" alt=\"la foto copia 19\" itemprop=\"image\" height=\"1920\" width=\"2560\" title=\"la foto copia 19\" onerror=\"this.style.display='none'\"  \/>\n\t\t\t\t<img loading=\"lazy\" decoding=\"async\" src=\"https:\/\/www.cimaltec.ca\/wp-content\/uploads\/2020\/09\/4.png\" alt=\"4\" itemprop=\"image\" height=\"788\" width=\"940\" title=\"4\" onerror=\"this.style.display='none'\"  \/>","protected":false},"excerpt":{"rendered":"<p>Tanques e intercambiadores de proceso (reactores, criogenicos, separadores, catal\u00edticos) En Cimaltec ofrecemos una serie de servicios de intercambiadores de calor de refrigeraci\u00f3n de agua diesel entre otros sistemas de tanques de intercambio, que incluyen reubicaci\u00f3n, reemplazo de l\u00e1minas de tubos fijos y flotantes, reparaci\u00f3n o reemplazo del cap\u00f3 o reemplazo completo del haz de tubos.<\/p>","protected":false},"author":1,"featured_media":0,"parent":0,"menu_order":0,"comment_status":"closed","ping_status":"closed","template":"","meta":{"_coblocks_attr":"","_coblocks_dimensions":"","_coblocks_responsive_height":"","_coblocks_accordion_ie_support":"","site-sidebar-layout":"default","site-content-layout":"default","ast-site-content-layout":"default","site-content-style":"default","site-sidebar-style":"default","ast-global-header-display":"","ast-banner-title-visibility":"","ast-main-header-display":"","ast-hfb-above-header-display":"","ast-hfb-below-header-display":"","ast-hfb-mobile-header-display":"","site-post-title":"","ast-breadcrumbs-content":"","ast-featured-img":"","footer-sml-layout":"","ast-disable-related-posts":"","theme-transparent-header-meta":"default","adv-header-id-meta":"","stick-header-meta":"","header-above-stick-meta":"","header-main-stick-meta":"","header-below-stick-meta":"","astra-migrate-meta-layouts":"default","ast-page-background-enabled":"default","ast-page-background-meta":{"desktop":{"background-color":"","background-image":"","background-repeat":"repeat","background-position":"center center","background-size":"auto","background-attachment":"scroll","background-type":"","background-media":"","overlay-type":"","overlay-color":"","overlay-opacity":"","overlay-gradient":""},"tablet":{"background-color":"","background-image":"","background-repeat":"repeat","background-position":"center center","background-size":"auto","background-attachment":"scroll","background-type":"","background-media":"","overlay-type":"","overlay-color":"","overlay-opacity":"","overlay-gradient":""},"mobile":{"background-color":"","background-image":"","background-repeat":"repeat","background-position":"center center","background-size":"auto","background-attachment":"scroll","background-type":"","background-media":"","overlay-type":"","overlay-color":"","overlay-opacity":"","overlay-gradient":""}},"ast-content-background-meta":{"desktop":{"background-color":"var(--ast-global-color-5)","background-image":"","background-repeat":"repeat","background-position":"center center","background-size":"auto","background-attachment":"scroll","background-type":"","background-media":"","overlay-type":"","overlay-color":"","overlay-opacity":"","overlay-gradient":""},"tablet":{"background-color":"var(--ast-global-color-5)","background-image":"","background-repeat":"repeat","background-position":"center center","background-size":"auto","background-attachment":"scroll","background-type":"","background-media":"","overlay-type":"","overlay-color":"","overlay-opacity":"","overlay-gradient":""},"mobile":{"background-color":"var(--ast-global-color-5)","background-image":"","background-repeat":"repeat","background-position":"center center","background-size":"auto","background-attachment":"scroll","background-type":"","background-media":"","overlay-type":"","overlay-color":"","overlay-opacity":"","overlay-gradient":""}},"_joinchat":[],"footnotes":""},"class_list":["post-1164","page","type-page","status-publish","hentry"],"_links":{"self":[{"href":"http:\/\/www.cimaltec.ca\/en\/wp-json\/wp\/v2\/pages\/1164"}],"collection":[{"href":"http:\/\/www.cimaltec.ca\/en\/wp-json\/wp\/v2\/pages"}],"about":[{"href":"http:\/\/www.cimaltec.ca\/en\/wp-json\/wp\/v2\/types\/page"}],"author":[{"embeddable":true,"href":"http:\/\/www.cimaltec.ca\/en\/wp-json\/wp\/v2\/users\/1"}],"replies":[{"embeddable":true,"href":"http:\/\/www.cimaltec.ca\/en\/wp-json\/wp\/v2\/comments?post=1164"}],"version-history":[{"count":14,"href":"http:\/\/www.cimaltec.ca\/en\/wp-json\/wp\/v2\/pages\/1164\/revisions"}],"predecessor-version":[{"id":1870,"href":"http:\/\/www.cimaltec.ca\/en\/wp-json\/wp\/v2\/pages\/1164\/revisions\/1870"}],"wp:attachment":[{"href":"http:\/\/www.cimaltec.ca\/en\/wp-json\/wp\/v2\/media?parent=1164"}],"curies":[{"name":"wp","href":"https:\/\/api.w.org\/{rel}","templated":true}]}}