{"id":1161,"date":"2020-08-14T01:28:47","date_gmt":"2020-08-14T01:28:47","guid":{"rendered":"https:\/\/www.cimaltec.ca\/?page_id=1161"},"modified":"2020-09-29T04:37:23","modified_gmt":"2020-09-29T04:37:23","slug":"steam-air-ejectors","status":"publish","type":"page","link":"http:\/\/www.cimaltec.ca\/en\/steam-air-ejectors\/","title":{"rendered":"STEAM AIR EJECTORS"},"content":{"rendered":"<img loading=\"lazy\" decoding=\"async\" src=\"https:\/\/www.cimaltec.ca\/wp-content\/uploads\/2020\/09\/A95EBD10FF8A40A79AE267A6CE113953.jpg\" alt=\"A95EBD10FF8A40A79AE267A6CE113953\" itemprop=\"image\" height=\"257\" width=\"431\" title=\"A95EBD10FF8A40A79AE267A6CE113953\" onerror=\"this.style.display='none'\"  \/>\n\t\t\t\t<img loading=\"lazy\" decoding=\"async\" src=\"https:\/\/www.cimaltec.ca\/wp-content\/uploads\/2020\/09\/A6FBCC74B79A491EBD620399DD7CAADC.jpg\" alt=\"A6FBCC74B79A491EBD620399DD7CAADC\" itemprop=\"image\" height=\"194\" width=\"259\" title=\"A6FBCC74B79A491EBD620399DD7CAADC\" onerror=\"this.style.display='none'\"  \/>\n\t<p><strong>At Cimaltec we offer refurbishment and renovation services for power plant steam jet air ejectors,<\/strong> ensuring optimal vacuum capabilities.<\/p>\n<p><img loading=\"lazy\" decoding=\"async\" src=\"https:\/\/www.cimaltec.ca\/wp-content\/uploads\/2020\/09\/1C3E43D7EEF74C22A2F16B32151D4D77-300x300.png\" alt=\"\" width=\"300\" height=\"300\" \/><\/p>\n<h6>Steam Jet Air Ejectors are some of the most reliable vacuum creators, but they require proper tube maintenance and replacement of corroded or eroded tubes to function efficiently. With Cimaltec, we will inspect and repair every component of your steam jet air ejector, detecting erosion, steam impact and tube failure.<\/h6>\n\t\t\t\t<img loading=\"lazy\" decoding=\"async\" src=\"https:\/\/www.cimaltec.ca\/wp-content\/uploads\/2020\/09\/11.png\" alt=\"11\" itemprop=\"image\" height=\"788\" width=\"940\" title=\"11\" onerror=\"this.style.display='none'\"  \/>","protected":false},"excerpt":{"rendered":"<p>En Cimaltec ofrecemos a servicios de reparaci\u00f3n y sustituci\u00f3n de eyectores de aire de chorro de vapor de plantas de energ\u00eda, esto le ayudara a obtener las condiciones de vac\u00edo optimas. Los eyectores de aire Steam Jet son algunos de los creadores de vac\u00edo m\u00e1s confiables, pero requieren un mantenimiento adecuado de los tubos y [&hellip;]<\/p>\n","protected":false},"author":1,"featured_media":0,"parent":0,"menu_order":0,"comment_status":"closed","ping_status":"closed","template":"","meta":{"_coblocks_attr":"","_coblocks_dimensions":"","_coblocks_responsive_height":"","_coblocks_accordion_ie_support":"","site-sidebar-layout":"default","site-content-layout":"default","ast-site-content-layout":"default","site-content-style":"default","site-sidebar-style":"default","ast-global-header-display":"","ast-banner-title-visibility":"","ast-main-header-display":"","ast-hfb-above-header-display":"","ast-hfb-below-header-display":"","ast-hfb-mobile-header-display":"","site-post-title":"","ast-breadcrumbs-content":"","ast-featured-img":"","footer-sml-layout":"","ast-disable-related-posts":"","theme-transparent-header-meta":"default","adv-header-id-meta":"","stick-header-meta":"","header-above-stick-meta":"","header-main-stick-meta":"","header-below-stick-meta":"","astra-migrate-meta-layouts":"default","ast-page-background-enabled":"default","ast-page-background-meta":{"desktop":{"background-color":"","background-image":"","background-repeat":"repeat","background-position":"center center","background-size":"auto","background-attachment":"scroll","background-type":"","background-media":"","overlay-type":"","overlay-color":"","overlay-opacity":"","overlay-gradient":""},"tablet":{"background-color":"","background-image":"","background-repeat":"repeat","background-position":"center center","background-size":"auto","background-attachment":"scroll","background-type":"","background-media":"","overlay-type":"","overlay-color":"","overlay-opacity":"","overlay-gradient":""},"mobile":{"background-color":"","background-image":"","background-repeat":"repeat","background-position":"center center","background-size":"auto","background-attachment":"scroll","background-type":"","background-media":"","overlay-type":"","overlay-color":"","overlay-opacity":"","overlay-gradient":""}},"ast-content-background-meta":{"desktop":{"background-color":"var(--ast-global-color-5)","background-image":"","background-repeat":"repeat","background-position":"center center","background-size":"auto","background-attachment":"scroll","background-type":"","background-media":"","overlay-type":"","overlay-color":"","overlay-opacity":"","overlay-gradient":""},"tablet":{"background-color":"var(--ast-global-color-5)","background-image":"","background-repeat":"repeat","background-position":"center center","background-size":"auto","background-attachment":"scroll","background-type":"","background-media":"","overlay-type":"","overlay-color":"","overlay-opacity":"","overlay-gradient":""},"mobile":{"background-color":"var(--ast-global-color-5)","background-image":"","background-repeat":"repeat","background-position":"center center","background-size":"auto","background-attachment":"scroll","background-type":"","background-media":"","overlay-type":"","overlay-color":"","overlay-opacity":"","overlay-gradient":""}},"_joinchat":[],"footnotes":""},"class_list":["post-1161","page","type-page","status-publish","hentry"],"_links":{"self":[{"href":"http:\/\/www.cimaltec.ca\/en\/wp-json\/wp\/v2\/pages\/1161"}],"collection":[{"href":"http:\/\/www.cimaltec.ca\/en\/wp-json\/wp\/v2\/pages"}],"about":[{"href":"http:\/\/www.cimaltec.ca\/en\/wp-json\/wp\/v2\/types\/page"}],"author":[{"embeddable":true,"href":"http:\/\/www.cimaltec.ca\/en\/wp-json\/wp\/v2\/users\/1"}],"replies":[{"embeddable":true,"href":"http:\/\/www.cimaltec.ca\/en\/wp-json\/wp\/v2\/comments?post=1161"}],"version-history":[{"count":14,"href":"http:\/\/www.cimaltec.ca\/en\/wp-json\/wp\/v2\/pages\/1161\/revisions"}],"predecessor-version":[{"id":1803,"href":"http:\/\/www.cimaltec.ca\/en\/wp-json\/wp\/v2\/pages\/1161\/revisions\/1803"}],"wp:attachment":[{"href":"http:\/\/www.cimaltec.ca\/en\/wp-json\/wp\/v2\/media?parent=1161"}],"curies":[{"name":"wp","href":"https:\/\/api.w.org\/{rel}","templated":true}]}}