{"id":1158,"date":"2020-08-14T01:28:12","date_gmt":"2020-08-14T01:28:12","guid":{"rendered":"https:\/\/www.cimaltec.ca\/?page_id=1158"},"modified":"2020-10-09T05:20:06","modified_gmt":"2020-10-09T05:20:06","slug":"calentadores-aire-vapor","status":"publish","type":"page","link":"http:\/\/www.cimaltec.ca\/en\/calentadores-aire-vapor\/","title":{"rendered":"Steam Coils"},"content":{"rendered":"<img loading=\"lazy\" decoding=\"async\" src=\"https:\/\/www.cimaltec.ca\/wp-content\/uploads\/2020\/09\/Unknown-2-2-rotated.jpeg\" alt=\"Unknown-2\" itemprop=\"image\" height=\"640\" width=\"360\" title=\"Unknown-2\" onerror=\"this.style.display='none'\"  \/>\n\t<p><strong>Are used in both industrial and HVAC applications. Finned tubes are almost always used in steam coil applications.<\/strong><\/p>\n<p>Desde tubo de acero al carb\u00f3n con aleta bimet\u00e1lica\u00a0de aluminio Tipo \u201cL&#8221; o Extruida, hasta aleaci\u00f3n super ferr\u00edtica o titanio con aletas de cobre, Acero o Aluminio.<\/p>\n<p>A Steam Air Heater (also referred to as Steam Coil Air Heaters) consists of a frame which houses one or more steam coils.<\/p>\n<p><img loading=\"lazy\" decoding=\"async\" src=\"https:\/\/www.cimaltec.ca\/wp-content\/uploads\/2020\/09\/Unknown-6-300x206.png\" alt=\"\" width=\"300\" height=\"206\" \/> <img loading=\"lazy\" decoding=\"async\" src=\"https:\/\/www.cimaltec.ca\/wp-content\/uploads\/2020\/09\/Unknown-5-300x200.png\" alt=\"\" width=\"250\" height=\"166\" \/><\/p>\n<p><strong>The frame is installed in ducting and each steam coil is individually<\/strong><\/p>\n<p><img loading=\"lazy\" decoding=\"async\" src=\"https:\/\/www.cimaltec.ca\/wp-content\/uploads\/2020\/09\/Unknown-8.png\" alt=\"\" width=\"241\" height=\"209\" \/><img loading=\"lazy\" decoding=\"async\" src=\"https:\/\/www.cimaltec.ca\/wp-content\/uploads\/2020\/09\/Unknown-3-300x210.png\" alt=\"\" width=\"300\" height=\"210\" \/><\/p>\n<p>Todos los equipos que fabricamos son probados tubo por tubo y una vez ensamblado el panel se prueban de manera hidrost\u00e1tica y Neum\u00e1tica incluso ofrecemos el servicio de pruebas de m\u00f3dulos en sitio para garantizar equipos libres de fugas una vez instalados.<\/p>\n<p><img loading=\"lazy\" decoding=\"async\" src=\"https:\/\/www.cimaltec.ca\/wp-content\/uploads\/2020\/09\/Unknown-7-300x300.png\" alt=\"\" width=\"300\" height=\"300\" \/><\/p>\n<h6>removable from the frame so that they can be cleaned, repaired, or replaced without disturbing the ducting.<\/h6>\n\t\t\t\t<img loading=\"lazy\" decoding=\"async\" src=\"https:\/\/www.cimaltec.ca\/wp-content\/uploads\/2020\/09\/Unknown-1-2.jpeg\" alt=\"Unknown-1\" itemprop=\"image\" height=\"360\" width=\"640\" title=\"Unknown-1\" onerror=\"this.style.display='none'\"  \/>\n\t\t\t\t<img loading=\"lazy\" decoding=\"async\" src=\"https:\/\/www.cimaltec.ca\/wp-content\/uploads\/2020\/09\/Unknown-1-1.png\" alt=\"Unknown-1\" itemprop=\"image\" height=\"545\" width=\"459\" title=\"Unknown-1\" onerror=\"this.style.display='none'\"  \/>\n\t\t\t\t<img loading=\"lazy\" decoding=\"async\" src=\"https:\/\/www.cimaltec.ca\/wp-content\/uploads\/2020\/09\/Unknown-16.jpeg\" alt=\"Unknown\" itemprop=\"image\" height=\"360\" width=\"640\" title=\"Unknown\" onerror=\"this.style.display='none'\"  \/>\n\t\t\t\t<img loading=\"lazy\" decoding=\"async\" src=\"https:\/\/www.cimaltec.ca\/wp-content\/uploads\/2020\/09\/Unknown-3-2.jpeg\" alt=\"Unknown-3\" itemprop=\"image\" height=\"360\" width=\"640\" title=\"Unknown-3\" onerror=\"this.style.display='none'\"  \/>\n\t\t\t\t<img loading=\"lazy\" decoding=\"async\" src=\"https:\/\/www.cimaltec.ca\/wp-content\/uploads\/2020\/09\/10.png\" alt=\"10\" itemprop=\"image\" height=\"788\" width=\"940\" title=\"10\" onerror=\"this.style.display='none'\"  \/>","protected":false},"excerpt":{"rendered":"<p>Con 30 a\u00f1os de experiencia fabricando Calentadores Aire Vapor para el sector de generaci\u00f3n el\u00e9ctrica, los podemos fabricar en casi cualquier material. Desde tubo de acero al carb\u00f3n con aleta bimet\u00e1lica\u00a0de aluminio Tipo \u201cL&#8221; o Extruida, hasta aleaci\u00f3n super ferr\u00edtica o titanio con aletas de cobre, Acero o Aluminio. Sabemos la importancia y el costo [&hellip;]<\/p>\n","protected":false},"author":1,"featured_media":0,"parent":0,"menu_order":0,"comment_status":"closed","ping_status":"closed","template":"","meta":{"_coblocks_attr":"","_coblocks_dimensions":"","_coblocks_responsive_height":"","_coblocks_accordion_ie_support":"","site-sidebar-layout":"default","site-content-layout":"default","ast-site-content-layout":"default","site-content-style":"default","site-sidebar-style":"default","ast-global-header-display":"","ast-banner-title-visibility":"","ast-main-header-display":"","ast-hfb-above-header-display":"","ast-hfb-below-header-display":"","ast-hfb-mobile-header-display":"","site-post-title":"","ast-breadcrumbs-content":"","ast-featured-img":"","footer-sml-layout":"","ast-disable-related-posts":"","theme-transparent-header-meta":"default","adv-header-id-meta":"","stick-header-meta":"","header-above-stick-meta":"","header-main-stick-meta":"","header-below-stick-meta":"","astra-migrate-meta-layouts":"default","ast-page-background-enabled":"default","ast-page-background-meta":{"desktop":{"background-color":"","background-image":"","background-repeat":"repeat","background-position":"center center","background-size":"auto","background-attachment":"scroll","background-type":"","background-media":"","overlay-type":"","overlay-color":"","overlay-opacity":"","overlay-gradient":""},"tablet":{"background-color":"","background-image":"","background-repeat":"repeat","background-position":"center center","background-size":"auto","background-attachment":"scroll","background-type":"","background-media":"","overlay-type":"","overlay-color":"","overlay-opacity":"","overlay-gradient":""},"mobile":{"background-color":"","background-image":"","background-repeat":"repeat","background-position":"center center","background-size":"auto","background-attachment":"scroll","background-type":"","background-media":"","overlay-type":"","overlay-color":"","overlay-opacity":"","overlay-gradient":""}},"ast-content-background-meta":{"desktop":{"background-color":"var(--ast-global-color-5)","background-image":"","background-repeat":"repeat","background-position":"center center","background-size":"auto","background-attachment":"scroll","background-type":"","background-media":"","overlay-type":"","overlay-color":"","overlay-opacity":"","overlay-gradient":""},"tablet":{"background-color":"var(--ast-global-color-5)","background-image":"","background-repeat":"repeat","background-position":"center center","background-size":"auto","background-attachment":"scroll","background-type":"","background-media":"","overlay-type":"","overlay-color":"","overlay-opacity":"","overlay-gradient":""},"mobile":{"background-color":"var(--ast-global-color-5)","background-image":"","background-repeat":"repeat","background-position":"center center","background-size":"auto","background-attachment":"scroll","background-type":"","background-media":"","overlay-type":"","overlay-color":"","overlay-opacity":"","overlay-gradient":""}},"_joinchat":[],"footnotes":""},"class_list":["post-1158","page","type-page","status-publish","hentry"],"_links":{"self":[{"href":"http:\/\/www.cimaltec.ca\/en\/wp-json\/wp\/v2\/pages\/1158"}],"collection":[{"href":"http:\/\/www.cimaltec.ca\/en\/wp-json\/wp\/v2\/pages"}],"about":[{"href":"http:\/\/www.cimaltec.ca\/en\/wp-json\/wp\/v2\/types\/page"}],"author":[{"embeddable":true,"href":"http:\/\/www.cimaltec.ca\/en\/wp-json\/wp\/v2\/users\/1"}],"replies":[{"embeddable":true,"href":"http:\/\/www.cimaltec.ca\/en\/wp-json\/wp\/v2\/comments?post=1158"}],"version-history":[{"count":13,"href":"http:\/\/www.cimaltec.ca\/en\/wp-json\/wp\/v2\/pages\/1158\/revisions"}],"predecessor-version":[{"id":1866,"href":"http:\/\/www.cimaltec.ca\/en\/wp-json\/wp\/v2\/pages\/1158\/revisions\/1866"}],"wp:attachment":[{"href":"http:\/\/www.cimaltec.ca\/en\/wp-json\/wp\/v2\/media?parent=1158"}],"curies":[{"name":"wp","href":"https:\/\/api.w.org\/{rel}","templated":true}]}}