{"id":1145,"date":"2020-08-14T01:24:47","date_gmt":"2020-08-14T01:24:47","guid":{"rendered":"https:\/\/www.cimaltec.ca\/?page_id=1145"},"modified":"2020-09-29T04:19:10","modified_gmt":"2020-09-29T04:19:10","slug":"pruebas-no-destructivas","status":"publish","type":"page","link":"http:\/\/www.cimaltec.ca\/en\/pruebas-no-destructivas\/","title":{"rendered":"NON-DESTRUCTIVE TEST"},"content":{"rendered":"<img loading=\"lazy\" decoding=\"async\" src=\"https:\/\/www.cimaltec.ca\/wp-content\/uploads\/2020\/09\/la-foto-copia-15-scaled.jpg\" alt=\"SONY DSC\" itemprop=\"image\" height=\"1690\" width=\"2560\" title=\"SONY DSC\" onerror=\"this.style.display='none'\"  \/>\n\t<p><strong>Customers with problems related to tube integrity can benefit from several of our specialized<\/strong> inspection services, including eddy current tests to determine remaining life, failure analysis, and more. Used in conjunction with our sample extraction and connection services, we can provide a turnkey solution.<\/p>\n<p><img loading=\"lazy\" decoding=\"async\" src=\"https:\/\/www.cimaltec.ca\/wp-content\/uploads\/2020\/09\/Unknown-6-300x206.png\" alt=\"\" width=\"300\" height=\"206\" \/><\/p>\n<h6>Our experienced engineers can also provide a thorough inspection of steam side and tube side components.<\/h6>\n\t\t\t\t<img loading=\"lazy\" decoding=\"async\" src=\"https:\/\/www.cimaltec.ca\/wp-content\/uploads\/2020\/08\/retubing7.png\" alt=\"retubing7\" itemprop=\"image\" height=\"386\" width=\"512\" title=\"retubing7\" onerror=\"this.style.display='none'\"  \/>\n\t\t\t\t<img loading=\"lazy\" decoding=\"async\" src=\"https:\/\/www.cimaltec.ca\/wp-content\/uploads\/2020\/09\/3.png\" alt=\"3\" itemprop=\"image\" height=\"788\" width=\"940\" title=\"3\" onerror=\"this.style.display='none'\"  \/>","protected":false},"excerpt":{"rendered":"<p>Los clientes con problemas relacionados con la integridad del tubo pueden beneficiarse de varios de nuestros servicios de inspecci\u00f3n especializados, incluidas las pruebas de corriente de Foucault para determinar la vida \u00fatil restante, el an\u00e1lisis de fallas y m\u00e1s. Utilizado junto con nuestros servicios de extracci\u00f3n y conexi\u00f3n de muestras, podemos proporcionar una soluci\u00f3n llave [&hellip;]<\/p>\n","protected":false},"author":1,"featured_media":0,"parent":0,"menu_order":0,"comment_status":"closed","ping_status":"closed","template":"","meta":{"_coblocks_attr":"","_coblocks_dimensions":"","_coblocks_responsive_height":"","_coblocks_accordion_ie_support":"","site-sidebar-layout":"default","site-content-layout":"default","ast-site-content-layout":"default","site-content-style":"default","site-sidebar-style":"default","ast-global-header-display":"","ast-banner-title-visibility":"","ast-main-header-display":"","ast-hfb-above-header-display":"","ast-hfb-below-header-display":"","ast-hfb-mobile-header-display":"","site-post-title":"","ast-breadcrumbs-content":"","ast-featured-img":"","footer-sml-layout":"","ast-disable-related-posts":"","theme-transparent-header-meta":"default","adv-header-id-meta":"","stick-header-meta":"","header-above-stick-meta":"","header-main-stick-meta":"","header-below-stick-meta":"","astra-migrate-meta-layouts":"default","ast-page-background-enabled":"default","ast-page-background-meta":{"desktop":{"background-color":"","background-image":"","background-repeat":"repeat","background-position":"center center","background-size":"auto","background-attachment":"scroll","background-type":"","background-media":"","overlay-type":"","overlay-color":"","overlay-opacity":"","overlay-gradient":""},"tablet":{"background-color":"","background-image":"","background-repeat":"repeat","background-position":"center center","background-size":"auto","background-attachment":"scroll","background-type":"","background-media":"","overlay-type":"","overlay-color":"","overlay-opacity":"","overlay-gradient":""},"mobile":{"background-color":"","background-image":"","background-repeat":"repeat","background-position":"center center","background-size":"auto","background-attachment":"scroll","background-type":"","background-media":"","overlay-type":"","overlay-color":"","overlay-opacity":"","overlay-gradient":""}},"ast-content-background-meta":{"desktop":{"background-color":"var(--ast-global-color-5)","background-image":"","background-repeat":"repeat","background-position":"center center","background-size":"auto","background-attachment":"scroll","background-type":"","background-media":"","overlay-type":"","overlay-color":"","overlay-opacity":"","overlay-gradient":""},"tablet":{"background-color":"var(--ast-global-color-5)","background-image":"","background-repeat":"repeat","background-position":"center center","background-size":"auto","background-attachment":"scroll","background-type":"","background-media":"","overlay-type":"","overlay-color":"","overlay-opacity":"","overlay-gradient":""},"mobile":{"background-color":"var(--ast-global-color-5)","background-image":"","background-repeat":"repeat","background-position":"center center","background-size":"auto","background-attachment":"scroll","background-type":"","background-media":"","overlay-type":"","overlay-color":"","overlay-opacity":"","overlay-gradient":""}},"_joinchat":[],"footnotes":""},"class_list":["post-1145","page","type-page","status-publish","hentry"],"_links":{"self":[{"href":"http:\/\/www.cimaltec.ca\/en\/wp-json\/wp\/v2\/pages\/1145"}],"collection":[{"href":"http:\/\/www.cimaltec.ca\/en\/wp-json\/wp\/v2\/pages"}],"about":[{"href":"http:\/\/www.cimaltec.ca\/en\/wp-json\/wp\/v2\/types\/page"}],"author":[{"embeddable":true,"href":"http:\/\/www.cimaltec.ca\/en\/wp-json\/wp\/v2\/users\/1"}],"replies":[{"embeddable":true,"href":"http:\/\/www.cimaltec.ca\/en\/wp-json\/wp\/v2\/comments?post=1145"}],"version-history":[{"count":11,"href":"http:\/\/www.cimaltec.ca\/en\/wp-json\/wp\/v2\/pages\/1145\/revisions"}],"predecessor-version":[{"id":1786,"href":"http:\/\/www.cimaltec.ca\/en\/wp-json\/wp\/v2\/pages\/1145\/revisions\/1786"}],"wp:attachment":[{"href":"http:\/\/www.cimaltec.ca\/en\/wp-json\/wp\/v2\/media?parent=1145"}],"curies":[{"name":"wp","href":"https:\/\/api.w.org\/{rel}","templated":true}]}}