{"id":1144,"date":"2020-08-14T01:23:54","date_gmt":"2020-08-14T01:23:54","guid":{"rendered":"https:\/\/www.cimaltec.ca\/?page_id=1144"},"modified":"2020-09-20T21:19:08","modified_gmt":"2020-09-20T21:19:08","slug":"deteccion-de-fugas","status":"publish","type":"page","link":"http:\/\/www.cimaltec.ca\/en\/deteccion-de-fugas\/","title":{"rendered":"LEAK DETECTION"},"content":{"rendered":"<img loading=\"lazy\" decoding=\"async\" src=\"https:\/\/www.cimaltec.ca\/wp-content\/uploads\/2020\/09\/7BF7F45C828B424498B3E918A92CB9AE.jpg\" alt=\"7BF7F45C828B424498B3E918A92CB9AE\" itemprop=\"image\" height=\"550\" width=\"900\" title=\"7BF7F45C828B424498B3E918A92CB9AE\" onerror=\"this.style.display='none'\"  \/>\n\t\t\t\t<img loading=\"lazy\" decoding=\"async\" src=\"https:\/\/www.cimaltec.ca\/wp-content\/uploads\/2020\/09\/D54D43C4BB964C049639474E26EAB765.jpg\" alt=\"D54D43C4BB964C049639474E26EAB765\" itemprop=\"image\" height=\"340\" width=\"340\" title=\"D54D43C4BB964C049639474E26EAB765\" onerror=\"this.style.display='none'\"  \/>\n\t<p><strong>Leak detection service to discover tube leaks and air leaks in and around your condenser or<\/strong> steam generator. Depending on the characteristics of your leak, our team will mobilize with the appropriate technology to locate the leak and, at your option, provide immediate corrective measures.<\/p>\n<p><img loading=\"lazy\" decoding=\"async\" src=\"https:\/\/www.cimaltec.ca\/wp-content\/uploads\/2020\/09\/la-foto-copia-101-1024x765.jpg\" alt=\"\" width=\"1024\" height=\"765\" \/><\/p>\n<h6>Variant Helium Leak Detection is a highly effective and rapid method of locating sources of air leaks provided the equipment operator understands the vapor path and how to disperse tracer gas. \nIncorrect location, too little or too much tracer gas, as well as improper equipment calibration can make the difference in successfully identifying a leak or going undetected. Our leak detection specialists have decades of experience and will find your leaks quickly and accurately.<\/h6>\n\t\t\t\t<img loading=\"lazy\" decoding=\"async\" src=\"https:\/\/www.cimaltec.ca\/wp-content\/uploads\/2020\/09\/844597E4470F42D7BD315FEA66F58FE4.png\" alt=\"844597E4470F42D7BD315FEA66F58FE4\" itemprop=\"image\" height=\"325\" width=\"530\" title=\"844597E4470F42D7BD315FEA66F58FE4\" onerror=\"this.style.display='none'\"  \/>\n\t\t\t\t<img loading=\"lazy\" decoding=\"async\" src=\"https:\/\/www.cimaltec.ca\/wp-content\/uploads\/2020\/09\/8.png\" alt=\"8\" itemprop=\"image\" height=\"788\" width=\"940\" title=\"8\" onerror=\"this.style.display='none'\"  \/>","protected":false},"excerpt":{"rendered":"<p>Contamos con servicio de detecci\u00f3n de fugas para descubrir fugas de tubos y fugas de aire dentro y alrededor de su condensador o generador de vapor. Dependiendo de las caracter\u00edsticas de su fuga, nuestro equipo se movilizar\u00e1 con la tecnolog\u00eda adecuada para localizar la fuga y, a su elecci\u00f3n, proporcionar\u00e1 medidas correctivas inmediatas. La detecci\u00f3n [&hellip;]<\/p>\n","protected":false},"author":1,"featured_media":0,"parent":0,"menu_order":0,"comment_status":"closed","ping_status":"closed","template":"","meta":{"_coblocks_attr":"","_coblocks_dimensions":"","_coblocks_responsive_height":"","_coblocks_accordion_ie_support":"","site-sidebar-layout":"default","site-content-layout":"default","ast-site-content-layout":"default","site-content-style":"default","site-sidebar-style":"default","ast-global-header-display":"","ast-banner-title-visibility":"","ast-main-header-display":"","ast-hfb-above-header-display":"","ast-hfb-below-header-display":"","ast-hfb-mobile-header-display":"","site-post-title":"","ast-breadcrumbs-content":"","ast-featured-img":"","footer-sml-layout":"","ast-disable-related-posts":"","theme-transparent-header-meta":"default","adv-header-id-meta":"","stick-header-meta":"","header-above-stick-meta":"","header-main-stick-meta":"","header-below-stick-meta":"","astra-migrate-meta-layouts":"default","ast-page-background-enabled":"default","ast-page-background-meta":{"desktop":{"background-color":"","background-image":"","background-repeat":"repeat","background-position":"center center","background-size":"auto","background-attachment":"scroll","background-type":"","background-media":"","overlay-type":"","overlay-color":"","overlay-opacity":"","overlay-gradient":""},"tablet":{"background-color":"","background-image":"","background-repeat":"repeat","background-position":"center center","background-size":"auto","background-attachment":"scroll","background-type":"","background-media":"","overlay-type":"","overlay-color":"","overlay-opacity":"","overlay-gradient":""},"mobile":{"background-color":"","background-image":"","background-repeat":"repeat","background-position":"center center","background-size":"auto","background-attachment":"scroll","background-type":"","background-media":"","overlay-type":"","overlay-color":"","overlay-opacity":"","overlay-gradient":""}},"ast-content-background-meta":{"desktop":{"background-color":"var(--ast-global-color-5)","background-image":"","background-repeat":"repeat","background-position":"center center","background-size":"auto","background-attachment":"scroll","background-type":"","background-media":"","overlay-type":"","overlay-color":"","overlay-opacity":"","overlay-gradient":""},"tablet":{"background-color":"var(--ast-global-color-5)","background-image":"","background-repeat":"repeat","background-position":"center center","background-size":"auto","background-attachment":"scroll","background-type":"","background-media":"","overlay-type":"","overlay-color":"","overlay-opacity":"","overlay-gradient":""},"mobile":{"background-color":"var(--ast-global-color-5)","background-image":"","background-repeat":"repeat","background-position":"center center","background-size":"auto","background-attachment":"scroll","background-type":"","background-media":"","overlay-type":"","overlay-color":"","overlay-opacity":"","overlay-gradient":""}},"_joinchat":[],"footnotes":""},"class_list":["post-1144","page","type-page","status-publish","hentry"],"_links":{"self":[{"href":"http:\/\/www.cimaltec.ca\/en\/wp-json\/wp\/v2\/pages\/1144"}],"collection":[{"href":"http:\/\/www.cimaltec.ca\/en\/wp-json\/wp\/v2\/pages"}],"about":[{"href":"http:\/\/www.cimaltec.ca\/en\/wp-json\/wp\/v2\/types\/page"}],"author":[{"embeddable":true,"href":"http:\/\/www.cimaltec.ca\/en\/wp-json\/wp\/v2\/users\/1"}],"replies":[{"embeddable":true,"href":"http:\/\/www.cimaltec.ca\/en\/wp-json\/wp\/v2\/comments?post=1144"}],"version-history":[{"count":8,"href":"http:\/\/www.cimaltec.ca\/en\/wp-json\/wp\/v2\/pages\/1144\/revisions"}],"predecessor-version":[{"id":1693,"href":"http:\/\/www.cimaltec.ca\/en\/wp-json\/wp\/v2\/pages\/1144\/revisions\/1693"}],"wp:attachment":[{"href":"http:\/\/www.cimaltec.ca\/en\/wp-json\/wp\/v2\/media?parent=1144"}],"curies":[{"name":"wp","href":"https:\/\/api.w.org\/{rel}","templated":true}]}}