{"id":1143,"date":"2020-08-14T01:23:00","date_gmt":"2020-08-14T01:23:00","guid":{"rendered":"https:\/\/www.cimaltec.ca\/?page_id=1143"},"modified":"2020-09-29T04:30:39","modified_gmt":"2020-09-29T04:30:39","slug":"servicio-de-limpieza-del-condensador-taprogge","status":"publish","type":"page","link":"http:\/\/www.cimaltec.ca\/en\/servicio-de-limpieza-del-condensador-taprogge\/","title":{"rendered":"CONDENSER CLEANING SERVICE"},"content":{"rendered":"<img loading=\"lazy\" decoding=\"async\" src=\"https:\/\/www.cimaltec.ca\/wp-content\/uploads\/2020\/09\/Image3.jpeg\" alt=\"Image3\" itemprop=\"image\" height=\"418\" width=\"582\" title=\"Image3\" onerror=\"this.style.display='none'\"  \/>\n\t\t\t\t<img loading=\"lazy\" decoding=\"async\" src=\"https:\/\/www.cimaltec.ca\/wp-content\/uploads\/2020\/09\/Image1.jpeg\" alt=\"Image1\" itemprop=\"image\" height=\"660\" width=\"574\" title=\"Image1\" onerror=\"this.style.display='none'\"  \/>\n\t<p><strong>Tube fouling in your condenser can take a number of different forms<\/strong>, be it silt, sediment, manganese, iron oxide or calcium carbonate, it can have a dramatic negative impact on heat transfer and consequently cleaning factor. If it is bad or dirty enough, it will affect the overall heat rate of the plant and cost the power plant or generator millions of dollars in lost megawatts annually.<\/p>\n<p><img loading=\"lazy\" decoding=\"async\" src=\"https:\/\/www.cimaltec.ca\/wp-content\/uploads\/2020\/09\/Image.jpeg\" alt=\"\" width=\"1030\" height=\"696\" \/><\/p>\n<h6>En CIMALTEC ofrecemos equipos y servicios de limpieza de tubos de condensadores e intercambiadores de calor que restaurar\u00e1n efectivamente SUS TUBOS A UNA CONDICION DE EQUIPO NUEVO, mejorando el factor de limpieza general del condensador. Los tubos limpios proporcionan el mayor nivel de transferencia de calor y son especialmente beneficiosos durante los calurosos meses de verano. Dentro de los servicios de limpieza pueden estar incluidos el suministro e instalaci\u00f3n de equipos de limpieza autom\u00e1ticos o el mantenimiento y rehabilitaci\u00f3n de sistemas de limpieza decondensadores de superficie como los sistemas Taprogge.<\/h6>\n\t\t\t\t<img loading=\"lazy\" decoding=\"async\" src=\"https:\/\/www.cimaltec.ca\/wp-content\/uploads\/2020\/09\/Image2.jpeg\" alt=\"Image2\" itemprop=\"image\" height=\"392\" width=\"594\" title=\"Image2\" onerror=\"this.style.display='none'\"  \/>\n\t<h3><strong>WE ARE THE EXCLUSIVE DISTRIBUTOR IN BRITISH COLUMBIA, CANADA AND BEFORE THE CFE IN MEXICO.<\/strong><\/h3>\n\t\t\t\t<img loading=\"lazy\" decoding=\"async\" src=\"https:\/\/www.cimaltec.ca\/wp-content\/uploads\/2020\/09\/15.png\" alt=\"15\" itemprop=\"image\" height=\"788\" width=\"940\" title=\"15\" onerror=\"this.style.display='none'\"  \/>","protected":false},"excerpt":{"rendered":"<p>El ensuciamiento de los tubos en un condensador puede presentarse en formas diferentes, ya sea limo, sedimento, manganeso, \u00f3xido de hierro o carbonato de calcio, puede tener un impacto negativo dram\u00e1tico en la transferencia de calor y consecuentemente en el factor de limpieza. Si es lo suficientemente malo o sucio, afectar\u00e1 la tasa de calor [&hellip;]<\/p>\n","protected":false},"author":1,"featured_media":0,"parent":0,"menu_order":0,"comment_status":"closed","ping_status":"closed","template":"","meta":{"_coblocks_attr":"","_coblocks_dimensions":"","_coblocks_responsive_height":"","_coblocks_accordion_ie_support":"","site-sidebar-layout":"default","site-content-layout":"default","ast-site-content-layout":"default","site-content-style":"default","site-sidebar-style":"default","ast-global-header-display":"","ast-banner-title-visibility":"","ast-main-header-display":"","ast-hfb-above-header-display":"","ast-hfb-below-header-display":"","ast-hfb-mobile-header-display":"","site-post-title":"","ast-breadcrumbs-content":"","ast-featured-img":"","footer-sml-layout":"","ast-disable-related-posts":"","theme-transparent-header-meta":"default","adv-header-id-meta":"","stick-header-meta":"","header-above-stick-meta":"","header-main-stick-meta":"","header-below-stick-meta":"","astra-migrate-meta-layouts":"default","ast-page-background-enabled":"default","ast-page-background-meta":{"desktop":{"background-color":"","background-image":"","background-repeat":"repeat","background-position":"center center","background-size":"auto","background-attachment":"scroll","background-type":"","background-media":"","overlay-type":"","overlay-color":"","overlay-opacity":"","overlay-gradient":""},"tablet":{"background-color":"","background-image":"","background-repeat":"repeat","background-position":"center center","background-size":"auto","background-attachment":"scroll","background-type":"","background-media":"","overlay-type":"","overlay-color":"","overlay-opacity":"","overlay-gradient":""},"mobile":{"background-color":"","background-image":"","background-repeat":"repeat","background-position":"center center","background-size":"auto","background-attachment":"scroll","background-type":"","background-media":"","overlay-type":"","overlay-color":"","overlay-opacity":"","overlay-gradient":""}},"ast-content-background-meta":{"desktop":{"background-color":"var(--ast-global-color-5)","background-image":"","background-repeat":"repeat","background-position":"center center","background-size":"auto","background-attachment":"scroll","background-type":"","background-media":"","overlay-type":"","overlay-color":"","overlay-opacity":"","overlay-gradient":""},"tablet":{"background-color":"var(--ast-global-color-5)","background-image":"","background-repeat":"repeat","background-position":"center center","background-size":"auto","background-attachment":"scroll","background-type":"","background-media":"","overlay-type":"","overlay-color":"","overlay-opacity":"","overlay-gradient":""},"mobile":{"background-color":"var(--ast-global-color-5)","background-image":"","background-repeat":"repeat","background-position":"center center","background-size":"auto","background-attachment":"scroll","background-type":"","background-media":"","overlay-type":"","overlay-color":"","overlay-opacity":"","overlay-gradient":""}},"_joinchat":[],"footnotes":""},"class_list":["post-1143","page","type-page","status-publish","hentry"],"_links":{"self":[{"href":"http:\/\/www.cimaltec.ca\/en\/wp-json\/wp\/v2\/pages\/1143"}],"collection":[{"href":"http:\/\/www.cimaltec.ca\/en\/wp-json\/wp\/v2\/pages"}],"about":[{"href":"http:\/\/www.cimaltec.ca\/en\/wp-json\/wp\/v2\/types\/page"}],"author":[{"embeddable":true,"href":"http:\/\/www.cimaltec.ca\/en\/wp-json\/wp\/v2\/users\/1"}],"replies":[{"embeddable":true,"href":"http:\/\/www.cimaltec.ca\/en\/wp-json\/wp\/v2\/comments?post=1143"}],"version-history":[{"count":11,"href":"http:\/\/www.cimaltec.ca\/en\/wp-json\/wp\/v2\/pages\/1143\/revisions"}],"predecessor-version":[{"id":1796,"href":"http:\/\/www.cimaltec.ca\/en\/wp-json\/wp\/v2\/pages\/1143\/revisions\/1796"}],"wp:attachment":[{"href":"http:\/\/www.cimaltec.ca\/en\/wp-json\/wp\/v2\/media?parent=1143"}],"curies":[{"name":"wp","href":"https:\/\/api.w.org\/{rel}","templated":true}]}}