{"id":1138,"date":"2020-08-14T01:17:45","date_gmt":"2020-08-14T01:17:45","guid":{"rendered":"https:\/\/www.cimaltec.ca\/?page_id=1138"},"modified":"2020-10-25T18:06:11","modified_gmt":"2020-10-25T18:06:11","slug":"vibracion-en-condensadores","status":"publish","type":"page","link":"http:\/\/www.cimaltec.ca\/en\/vibracion-en-condensadores\/","title":{"rendered":"A CONDENSER CAN MAKE YOU VIBRATE"},"content":{"rendered":"\n\t\t\t\t<img loading=\"lazy\" decoding=\"async\" src=\"https:\/\/www.cimaltec.ca\/wp-content\/uploads\/2020\/09\/espada12305843009215023624.jpg\" alt=\"espada1[2305843009215023624]\" itemprop=\"image\" height=\"480\" width=\"640\" title=\"espada1[2305843009215023624]\" onerror=\"this.style.display='none'\"  \/>\n\t\t\t\t<img loading=\"lazy\" decoding=\"async\" src=\"https:\/\/www.cimaltec.ca\/wp-content\/uploads\/2020\/09\/espadas2305843009215023627.jpg\" alt=\"espadas[2305843009215023627]\" itemprop=\"image\" height=\"640\" width=\"480\" title=\"espadas[2305843009215023627]\" onerror=\"this.style.display='none'\"  \/>\n\t<p><strong>Existen diferentes or\u00edgenes que pueden hacer vibrar los tubos del condensador<\/strong>, sin embargo, las vibraciones en el condensador pueden causar da\u00f1os graves en los tubos cuando se introducen flujos de vapor incrementados, por citar un ejemplo, o cuando se vuelve a tapar con tubos de\u00a0 \u00a0pared m\u00e1s delgados o\u00a0aquellos\u00a0con bajo m\u00f3dulo de elasticidad. La vibraci\u00f3n del tubo, si no se resuelve, puede provocar fallas catastr\u00f3ficas del tubo y en consecuencia la salida no programada de toda la unidad.<\/p>\n<p><img loading=\"lazy\" decoding=\"async\" src=\"https:\/\/www.cimaltec.ca\/wp-content\/uploads\/2020\/09\/espada3-300x225.png\" alt=\"\" width=\"300\" height=\"225\" \/><img loading=\"lazy\" decoding=\"async\" src=\"https:\/\/www.cimaltec.ca\/wp-content\/uploads\/2020\/09\/espada2-150x150.png\" alt=\"\" width=\"150\" height=\"150\" \/><\/p>\n<h6>Existen diferentes m\u00e9todos para controlar las vibraciones, fabricamos diferentes tipos de bafles anti vibratorios para adaptarse a todas las configuraciones de mamparas entre tubos, incluidos los pasos de tubos de rayos c\u00f3nicos y de un solo rayo. Los sistemas m\u00e1s comunes son los del tipo \u201cEspada\u201d que se instalan entre puntos de cada mampara del condensador y que reducen a la mitad la longitud del tubo sin soporte reduciendo la vibraci\u00f3n que causan la falla del tubo.<\/h6>\n\t\t\t\t<img loading=\"lazy\" decoding=\"async\" src=\"https:\/\/www.cimaltec.ca\/wp-content\/uploads\/2020\/09\/1-3.png\" alt=\"1\" itemprop=\"image\" height=\"788\" width=\"940\" title=\"1\" onerror=\"this.style.display='none'\"  \/>\n","protected":false},"excerpt":{"rendered":"<p>Existen diferentes or\u00edgenes que pueden hacer vibrar los tubos del condensador, sin embargo, las vibraciones en el condensador pueden causar da\u00f1os graves en los tubos cuando se introducen flujos de vapor incrementados, por citar un ejemplo, o cuando se vuelve a tapar con tubos de\u00a0 \u00a0pared m\u00e1s delgados o\u00a0aquellos\u00a0con bajo m\u00f3dulo de elasticidad. La vibraci\u00f3n [&hellip;]<\/p>\n","protected":false},"author":1,"featured_media":0,"parent":0,"menu_order":0,"comment_status":"closed","ping_status":"closed","template":"","meta":{"_coblocks_attr":"","_coblocks_dimensions":"","_coblocks_responsive_height":"","_coblocks_accordion_ie_support":"","site-sidebar-layout":"default","site-content-layout":"default","ast-site-content-layout":"default","site-content-style":"default","site-sidebar-style":"default","ast-global-header-display":"","ast-banner-title-visibility":"","ast-main-header-display":"","ast-hfb-above-header-display":"","ast-hfb-below-header-display":"","ast-hfb-mobile-header-display":"","site-post-title":"","ast-breadcrumbs-content":"","ast-featured-img":"","footer-sml-layout":"","ast-disable-related-posts":"","theme-transparent-header-meta":"default","adv-header-id-meta":"","stick-header-meta":"","header-above-stick-meta":"","header-main-stick-meta":"","header-below-stick-meta":"","astra-migrate-meta-layouts":"default","ast-page-background-enabled":"default","ast-page-background-meta":{"desktop":{"background-color":"","background-image":"","background-repeat":"repeat","background-position":"center center","background-size":"auto","background-attachment":"scroll","background-type":"","background-media":"","overlay-type":"","overlay-color":"","overlay-opacity":"","overlay-gradient":""},"tablet":{"background-color":"","background-image":"","background-repeat":"repeat","background-position":"center center","background-size":"auto","background-attachment":"scroll","background-type":"","background-media":"","overlay-type":"","overlay-color":"","overlay-opacity":"","overlay-gradient":""},"mobile":{"background-color":"","background-image":"","background-repeat":"repeat","background-position":"center center","background-size":"auto","background-attachment":"scroll","background-type":"","background-media":"","overlay-type":"","overlay-color":"","overlay-opacity":"","overlay-gradient":""}},"ast-content-background-meta":{"desktop":{"background-color":"var(--ast-global-color-5)","background-image":"","background-repeat":"repeat","background-position":"center center","background-size":"auto","background-attachment":"scroll","background-type":"","background-media":"","overlay-type":"","overlay-color":"","overlay-opacity":"","overlay-gradient":""},"tablet":{"background-color":"var(--ast-global-color-5)","background-image":"","background-repeat":"repeat","background-position":"center center","background-size":"auto","background-attachment":"scroll","background-type":"","background-media":"","overlay-type":"","overlay-color":"","overlay-opacity":"","overlay-gradient":""},"mobile":{"background-color":"var(--ast-global-color-5)","background-image":"","background-repeat":"repeat","background-position":"center center","background-size":"auto","background-attachment":"scroll","background-type":"","background-media":"","overlay-type":"","overlay-color":"","overlay-opacity":"","overlay-gradient":""}},"_joinchat":[],"footnotes":""},"class_list":["post-1138","page","type-page","status-publish","hentry"],"_links":{"self":[{"href":"http:\/\/www.cimaltec.ca\/en\/wp-json\/wp\/v2\/pages\/1138"}],"collection":[{"href":"http:\/\/www.cimaltec.ca\/en\/wp-json\/wp\/v2\/pages"}],"about":[{"href":"http:\/\/www.cimaltec.ca\/en\/wp-json\/wp\/v2\/types\/page"}],"author":[{"embeddable":true,"href":"http:\/\/www.cimaltec.ca\/en\/wp-json\/wp\/v2\/users\/1"}],"replies":[{"embeddable":true,"href":"http:\/\/www.cimaltec.ca\/en\/wp-json\/wp\/v2\/comments?post=1138"}],"version-history":[{"count":13,"href":"http:\/\/www.cimaltec.ca\/en\/wp-json\/wp\/v2\/pages\/1138\/revisions"}],"predecessor-version":[{"id":1686,"href":"http:\/\/www.cimaltec.ca\/en\/wp-json\/wp\/v2\/pages\/1138\/revisions\/1686"}],"wp:attachment":[{"href":"http:\/\/www.cimaltec.ca\/en\/wp-json\/wp\/v2\/media?parent=1138"}],"curies":[{"name":"wp","href":"https:\/\/api.w.org\/{rel}","templated":true}]}}